{"id":3054,"date":"2022-04-27T07:48:09","date_gmt":"2022-04-27T07:48:09","guid":{"rendered":"https:\/\/www.socomecsrl.com\/prodotto\/galax\/"},"modified":"2022-07-27T09:04:47","modified_gmt":"2022-07-27T09:04:47","slug":"galax","status":"publish","type":"product","link":"https:\/\/www.socomecsrl.com\/de\/prodotto\/galax\/","title":{"rendered":"GALAX"},"content":{"rendered":"<p>Die <strong>Kreiss\u00e4gen f\u00fcr Holz <\/strong> oder <strong>Quadratiermaschinen f\u00fcr Holz <\/strong> geh\u00f6ren zu den unverzichtbaren Maschinen, mit denen Sie jede Art von Holz mit langen und geraden Schnitten schneiden k\u00f6nnen, um hochpr\u00e4zise Schnitte zu erzielen. Die Besonderheit von Abrichtmaschinen besteht in der M\u00f6glichkeit, Platten beliebiger Gr\u00f6\u00dfe abzukanten.<\/p>\n<p><span style=\"color: #ff0000;\"><a style=\"color: #ff0000; font-size: 25px;\" href=\"https:\/\/www.socomecsrl.com\/wp-content\/uploads\/2022\/04\/GALAX.pdf\">Laden Sie das PDF herunter<\/a><\/span><\/p>\n","protected":false},"excerpt":{"rendered":"<p>Die Kreiss\u00e4gen f\u00fcr Holz oder Quadratiermaschinen f\u00fcr Holz geh\u00f6ren zu den unverzichtbaren Maschinen, mit denen Sie jede Art von Holz mit langen und geraden Schnitten schneiden k\u00f6nnen, um hochpr\u00e4zise Schnitte zu erzielen. Die Besonderheit von Abrichtmaschinen besteht in der M\u00f6glichkeit, Platten beliebiger Gr\u00f6\u00dfe abzukanten. Laden Sie das PDF herunter<\/p>\n","protected":false},"featured_media":2132,"template":"","meta":{"_et_pb_use_builder":"","_et_pb_old_content":"","_et_gb_content_width":""},"product_cat":[92],"product_tag":[],"class_list":["post-3054","product","type-product","status-publish","has-post-thumbnail","hentry","product_cat-seghe-circolari-de"],"acf":[],"yoast_head":"<!-- This site is optimized with the Yoast SEO plugin v19.8 - https:\/\/yoast.com\/wordpress\/plugins\/seo\/ -->\n<title>GALAX - Socomec Srl<\/title>\n<meta name=\"description\" content=\"GALAX - Socomec Srl\" \/>\n<meta name=\"robots\" content=\"index, follow, max-snippet:-1, max-image-preview:large, max-video-preview:-1\" \/>\n<link rel=\"canonical\" href=\"https:\/\/www.socomecsrl.com\/de\/prodotto\/galax\/\" \/>\n<meta property=\"og:locale\" content=\"de_DE\" \/>\n<meta property=\"og:type\" content=\"article\" \/>\n<meta property=\"og:title\" content=\"GALAX - Socomec Srl\" \/>\n<meta property=\"og:description\" content=\"GALAX - Socomec Srl\" \/>\n<meta property=\"og:site_name\" content=\"Socomec Srl\" \/>\n<meta property=\"article:modified_time\" content=\"2022-07-27T09:04:47+00:00\" \/>\n<meta property=\"og:image\" content=\"https:\/\/www.socomecsrl.com\/wp-content\/uploads\/2022\/04\/Galax-320.png\" \/>\n\t<meta property=\"og:image:width\" content=\"1600\" \/>\n\t<meta property=\"og:image:height\" content=\"1200\" \/>\n\t<meta property=\"og:image:type\" content=\"image\/png\" \/>\n<meta name=\"twitter:card\" content=\"summary_large_image\" \/>\n<script type=\"application\/ld+json\" class=\"yoast-schema-graph\">{\"@context\":\"https:\/\/schema.org\",\"@graph\":[{\"@type\":\"WebPage\",\"@id\":\"https:\/\/www.socomecsrl.com\/de\/prodotto\/galax\/\",\"url\":\"https:\/\/www.socomecsrl.com\/de\/prodotto\/galax\/\",\"name\":\"GALAX - Socomec Srl\",\"isPartOf\":{\"@id\":\"https:\/\/www.socomecsrl.com\/de\/#website\"},\"datePublished\":\"2022-04-27T07:48:09+00:00\",\"dateModified\":\"2022-07-27T09:04:47+00:00\",\"description\":\"GALAX - Socomec Srl\",\"breadcrumb\":{\"@id\":\"https:\/\/www.socomecsrl.com\/de\/prodotto\/galax\/#breadcrumb\"},\"inLanguage\":\"de\",\"potentialAction\":[{\"@type\":\"ReadAction\",\"target\":[\"https:\/\/www.socomecsrl.com\/de\/prodotto\/galax\/\"]}]},{\"@type\":\"BreadcrumbList\",\"@id\":\"https:\/\/www.socomecsrl.com\/de\/prodotto\/galax\/#breadcrumb\",\"itemListElement\":[{\"@type\":\"ListItem\",\"position\":1,\"name\":\"Home\",\"item\":\"https:\/\/www.socomecsrl.com\/de\/\"},{\"@type\":\"ListItem\",\"position\":2,\"name\":\"Holzbearbeitungsmaschinen\",\"item\":\"https:\/\/www.socomecsrl.com\/negozio\/\"},{\"@type\":\"ListItem\",\"position\":3,\"name\":\"GALAX\"}]},{\"@type\":\"WebSite\",\"@id\":\"https:\/\/www.socomecsrl.com\/de\/#website\",\"url\":\"https:\/\/www.socomecsrl.com\/de\/\",\"name\":\"Socomec Srl\",\"description\":\"Socomec srl produzione di macchine per la lavorazione del legno:seghe nastro,levigatrici,seghe circolari, cavatrici,pialle,spessori,toupie etc\",\"publisher\":{\"@id\":\"https:\/\/www.socomecsrl.com\/de\/#organization\"},\"potentialAction\":[{\"@type\":\"SearchAction\",\"target\":{\"@type\":\"EntryPoint\",\"urlTemplate\":\"https:\/\/www.socomecsrl.com\/de\/?s={search_term_string}\"},\"query-input\":\"required name=search_term_string\"}],\"inLanguage\":\"de\"},{\"@type\":\"Organization\",\"@id\":\"https:\/\/www.socomecsrl.com\/de\/#organization\",\"name\":\"Socomec Srl\",\"url\":\"https:\/\/www.socomecsrl.com\/de\/\",\"sameAs\":[\"https:\/\/www.youtube.com\/c\/Socomecsrl-MacchinePerLegno\"],\"logo\":{\"@type\":\"ImageObject\",\"inLanguage\":\"de\",\"@id\":\"https:\/\/www.socomecsrl.com\/de\/#\/schema\/logo\/image\/\",\"url\":\"https:\/\/www.socomecsrl.com\/wp-content\/uploads\/2022\/04\/logo-socomec-1-e1650969880710.png\",\"contentUrl\":\"https:\/\/www.socomecsrl.com\/wp-content\/uploads\/2022\/04\/logo-socomec-1-e1650969880710.png\",\"width\":1500,\"height\":600,\"caption\":\"Socomec Srl\"},\"image\":{\"@id\":\"https:\/\/www.socomecsrl.com\/de\/#\/schema\/logo\/image\/\"}}]}<\/script>\n<!-- \/ Yoast SEO plugin. -->","yoast_head_json":{"title":"GALAX - Socomec Srl","description":"GALAX - Socomec Srl","robots":{"index":"index","follow":"follow","max-snippet":"max-snippet:-1","max-image-preview":"max-image-preview:large","max-video-preview":"max-video-preview:-1"},"canonical":"https:\/\/www.socomecsrl.com\/de\/prodotto\/galax\/","og_locale":"de_DE","og_type":"article","og_title":"GALAX - Socomec Srl","og_description":"GALAX - Socomec Srl","og_site_name":"Socomec Srl","article_modified_time":"2022-07-27T09:04:47+00:00","og_image":[{"width":1600,"height":1200,"url":"https:\/\/www.socomecsrl.com\/wp-content\/uploads\/2022\/04\/Galax-320.png","type":"image\/png"}],"twitter_card":"summary_large_image","schema":{"@context":"https:\/\/schema.org","@graph":[{"@type":"WebPage","@id":"https:\/\/www.socomecsrl.com\/de\/prodotto\/galax\/","url":"https:\/\/www.socomecsrl.com\/de\/prodotto\/galax\/","name":"GALAX - Socomec Srl","isPartOf":{"@id":"https:\/\/www.socomecsrl.com\/de\/#website"},"datePublished":"2022-04-27T07:48:09+00:00","dateModified":"2022-07-27T09:04:47+00:00","description":"GALAX - Socomec Srl","breadcrumb":{"@id":"https:\/\/www.socomecsrl.com\/de\/prodotto\/galax\/#breadcrumb"},"inLanguage":"de","potentialAction":[{"@type":"ReadAction","target":["https:\/\/www.socomecsrl.com\/de\/prodotto\/galax\/"]}]},{"@type":"BreadcrumbList","@id":"https:\/\/www.socomecsrl.com\/de\/prodotto\/galax\/#breadcrumb","itemListElement":[{"@type":"ListItem","position":1,"name":"Home","item":"https:\/\/www.socomecsrl.com\/de\/"},{"@type":"ListItem","position":2,"name":"Holzbearbeitungsmaschinen","item":"https:\/\/www.socomecsrl.com\/negozio\/"},{"@type":"ListItem","position":3,"name":"GALAX"}]},{"@type":"WebSite","@id":"https:\/\/www.socomecsrl.com\/de\/#website","url":"https:\/\/www.socomecsrl.com\/de\/","name":"Socomec Srl","description":"Socomec srl produzione di macchine per la lavorazione del legno:seghe nastro,levigatrici,seghe circolari, cavatrici,pialle,spessori,toupie etc","publisher":{"@id":"https:\/\/www.socomecsrl.com\/de\/#organization"},"potentialAction":[{"@type":"SearchAction","target":{"@type":"EntryPoint","urlTemplate":"https:\/\/www.socomecsrl.com\/de\/?s={search_term_string}"},"query-input":"required name=search_term_string"}],"inLanguage":"de"},{"@type":"Organization","@id":"https:\/\/www.socomecsrl.com\/de\/#organization","name":"Socomec Srl","url":"https:\/\/www.socomecsrl.com\/de\/","sameAs":["https:\/\/www.youtube.com\/c\/Socomecsrl-MacchinePerLegno"],"logo":{"@type":"ImageObject","inLanguage":"de","@id":"https:\/\/www.socomecsrl.com\/de\/#\/schema\/logo\/image\/","url":"https:\/\/www.socomecsrl.com\/wp-content\/uploads\/2022\/04\/logo-socomec-1-e1650969880710.png","contentUrl":"https:\/\/www.socomecsrl.com\/wp-content\/uploads\/2022\/04\/logo-socomec-1-e1650969880710.png","width":1500,"height":600,"caption":"Socomec Srl"},"image":{"@id":"https:\/\/www.socomecsrl.com\/de\/#\/schema\/logo\/image\/"}}]}},"_links":{"self":[{"href":"https:\/\/www.socomecsrl.com\/de\/wp-json\/wp\/v2\/product\/3054","targetHints":{"allow":["GET"]}}],"collection":[{"href":"https:\/\/www.socomecsrl.com\/de\/wp-json\/wp\/v2\/product"}],"about":[{"href":"https:\/\/www.socomecsrl.com\/de\/wp-json\/wp\/v2\/types\/product"}],"wp:featuredmedia":[{"embeddable":true,"href":"https:\/\/www.socomecsrl.com\/de\/wp-json\/wp\/v2\/media\/2132"}],"wp:attachment":[{"href":"https:\/\/www.socomecsrl.com\/de\/wp-json\/wp\/v2\/media?parent=3054"}],"wp:term":[{"taxonomy":"product_cat","embeddable":true,"href":"https:\/\/www.socomecsrl.com\/de\/wp-json\/wp\/v2\/product_cat?post=3054"},{"taxonomy":"product_tag","embeddable":true,"href":"https:\/\/www.socomecsrl.com\/de\/wp-json\/wp\/v2\/product_tag?post=3054"}],"curies":[{"name":"wp","href":"https:\/\/api.w.org\/{rel}","templated":true}]}}