{"id":3131,"date":"2022-05-06T10:14:10","date_gmt":"2022-05-06T10:14:10","guid":{"rendered":"https:\/\/www.socomecsrl.com\/prodotto\/fs-515\/"},"modified":"2022-10-13T08:12:20","modified_gmt":"2022-10-13T08:12:20","slug":"fs-515","status":"publish","type":"product","link":"https:\/\/www.socomecsrl.com\/de\/prodotto\/fs-515\/","title":{"rendered":"FS 515"},"content":{"rendered":"<p>Die kombinierte Hobel-Dickenhobelmaschine von Socomec ist eine Holzbearbeitungsmaschine, die verwendet wird, um eine raue Oberfl\u00e4che flach und glatt zu machen oder die Dicke eines Bretts auf eine festgelegte Gr\u00f6\u00dfe zu reduzieren sowie ein Brett auf Ma\u00df zu bringen, bei dem beide Oberfl\u00e4chen perfekt gerade und parallel zueinander sind.<\/p>\n<p><span style=\"color: #ff0000;\"><a style=\"color: #ff0000; font-size: 25px;\" href=\"https:\/\/www.socomecsrl.com\/wp-content\/uploads\/2022\/05\/FS-410.pdf\">Laden Sie das PDF herunter<\/a><\/span><\/p>\n","protected":false},"excerpt":{"rendered":"<p>Kombinierte Hobel- und Dickenhobelmaschinen FS 515 f\u00fcr die industrielle Holzbearbeitung.<\/p>\n","protected":false},"featured_media":1508,"template":"","meta":{"_et_pb_use_builder":"","_et_pb_old_content":"","_et_gb_content_width":""},"product_cat":[126],"product_tag":[],"class_list":["post-3131","product","type-product","status-publish","has-post-thumbnail","hentry","product_cat-combinata-pialla-filo-spessore-de"],"acf":[],"yoast_head":"<!-- This site is optimized with the Yoast SEO plugin v19.8 - https:\/\/yoast.com\/wordpress\/plugins\/seo\/ -->\n<title>FS 515 - Socomec Srl<\/title>\n<meta name=\"description\" content=\"FS 515 - Socomec Srl\" \/>\n<meta name=\"robots\" content=\"index, follow, max-snippet:-1, max-image-preview:large, max-video-preview:-1\" \/>\n<link rel=\"canonical\" href=\"https:\/\/www.socomecsrl.com\/de\/prodotto\/fs-515\/\" \/>\n<meta property=\"og:locale\" content=\"de_DE\" \/>\n<meta property=\"og:type\" content=\"article\" \/>\n<meta property=\"og:title\" content=\"FS 515 - Socomec Srl\" \/>\n<meta property=\"og:description\" content=\"FS 515 - Socomec Srl\" \/>\n<meta property=\"og:site_name\" content=\"Socomec Srl\" \/>\n<meta property=\"article:modified_time\" content=\"2022-10-13T08:12:20+00:00\" \/>\n<meta property=\"og:image\" content=\"https:\/\/www.socomecsrl.com\/wp-content\/uploads\/2022\/05\/35.png\" \/>\n\t<meta property=\"og:image:width\" content=\"1600\" \/>\n\t<meta property=\"og:image:height\" content=\"1200\" \/>\n\t<meta property=\"og:image:type\" content=\"image\/png\" \/>\n<meta name=\"twitter:card\" content=\"summary_large_image\" \/>\n<script type=\"application\/ld+json\" class=\"yoast-schema-graph\">{\"@context\":\"https:\/\/schema.org\",\"@graph\":[{\"@type\":\"WebPage\",\"@id\":\"https:\/\/www.socomecsrl.com\/de\/prodotto\/fs-515\/\",\"url\":\"https:\/\/www.socomecsrl.com\/de\/prodotto\/fs-515\/\",\"name\":\"FS 515 - Socomec Srl\",\"isPartOf\":{\"@id\":\"https:\/\/www.socomecsrl.com\/de\/#website\"},\"datePublished\":\"2022-05-06T10:14:10+00:00\",\"dateModified\":\"2022-10-13T08:12:20+00:00\",\"description\":\"FS 515 - Socomec Srl\",\"breadcrumb\":{\"@id\":\"https:\/\/www.socomecsrl.com\/de\/prodotto\/fs-515\/#breadcrumb\"},\"inLanguage\":\"de\",\"potentialAction\":[{\"@type\":\"ReadAction\",\"target\":[\"https:\/\/www.socomecsrl.com\/de\/prodotto\/fs-515\/\"]}]},{\"@type\":\"BreadcrumbList\",\"@id\":\"https:\/\/www.socomecsrl.com\/de\/prodotto\/fs-515\/#breadcrumb\",\"itemListElement\":[{\"@type\":\"ListItem\",\"position\":1,\"name\":\"Home\",\"item\":\"https:\/\/www.socomecsrl.com\/de\/\"},{\"@type\":\"ListItem\",\"position\":2,\"name\":\"Holzbearbeitungsmaschinen\",\"item\":\"https:\/\/www.socomecsrl.com\/negozio\/\"},{\"@type\":\"ListItem\",\"position\":3,\"name\":\"FS 515\"}]},{\"@type\":\"WebSite\",\"@id\":\"https:\/\/www.socomecsrl.com\/de\/#website\",\"url\":\"https:\/\/www.socomecsrl.com\/de\/\",\"name\":\"Socomec Srl\",\"description\":\"Socomec srl produzione di macchine per la lavorazione del legno:seghe nastro,levigatrici,seghe circolari, cavatrici,pialle,spessori,toupie etc\",\"publisher\":{\"@id\":\"https:\/\/www.socomecsrl.com\/de\/#organization\"},\"potentialAction\":[{\"@type\":\"SearchAction\",\"target\":{\"@type\":\"EntryPoint\",\"urlTemplate\":\"https:\/\/www.socomecsrl.com\/de\/?s={search_term_string}\"},\"query-input\":\"required name=search_term_string\"}],\"inLanguage\":\"de\"},{\"@type\":\"Organization\",\"@id\":\"https:\/\/www.socomecsrl.com\/de\/#organization\",\"name\":\"Socomec Srl\",\"url\":\"https:\/\/www.socomecsrl.com\/de\/\",\"sameAs\":[\"https:\/\/www.youtube.com\/c\/Socomecsrl-MacchinePerLegno\"],\"logo\":{\"@type\":\"ImageObject\",\"inLanguage\":\"de\",\"@id\":\"https:\/\/www.socomecsrl.com\/de\/#\/schema\/logo\/image\/\",\"url\":\"https:\/\/www.socomecsrl.com\/wp-content\/uploads\/2022\/04\/logo-socomec-1-e1650969880710.png\",\"contentUrl\":\"https:\/\/www.socomecsrl.com\/wp-content\/uploads\/2022\/04\/logo-socomec-1-e1650969880710.png\",\"width\":1500,\"height\":600,\"caption\":\"Socomec Srl\"},\"image\":{\"@id\":\"https:\/\/www.socomecsrl.com\/de\/#\/schema\/logo\/image\/\"}}]}<\/script>\n<!-- \/ Yoast SEO plugin. -->","yoast_head_json":{"title":"FS 515 - Socomec Srl","description":"FS 515 - Socomec Srl","robots":{"index":"index","follow":"follow","max-snippet":"max-snippet:-1","max-image-preview":"max-image-preview:large","max-video-preview":"max-video-preview:-1"},"canonical":"https:\/\/www.socomecsrl.com\/de\/prodotto\/fs-515\/","og_locale":"de_DE","og_type":"article","og_title":"FS 515 - Socomec Srl","og_description":"FS 515 - Socomec Srl","og_site_name":"Socomec Srl","article_modified_time":"2022-10-13T08:12:20+00:00","og_image":[{"width":1600,"height":1200,"url":"https:\/\/www.socomecsrl.com\/wp-content\/uploads\/2022\/05\/35.png","type":"image\/png"}],"twitter_card":"summary_large_image","schema":{"@context":"https:\/\/schema.org","@graph":[{"@type":"WebPage","@id":"https:\/\/www.socomecsrl.com\/de\/prodotto\/fs-515\/","url":"https:\/\/www.socomecsrl.com\/de\/prodotto\/fs-515\/","name":"FS 515 - Socomec Srl","isPartOf":{"@id":"https:\/\/www.socomecsrl.com\/de\/#website"},"datePublished":"2022-05-06T10:14:10+00:00","dateModified":"2022-10-13T08:12:20+00:00","description":"FS 515 - Socomec Srl","breadcrumb":{"@id":"https:\/\/www.socomecsrl.com\/de\/prodotto\/fs-515\/#breadcrumb"},"inLanguage":"de","potentialAction":[{"@type":"ReadAction","target":["https:\/\/www.socomecsrl.com\/de\/prodotto\/fs-515\/"]}]},{"@type":"BreadcrumbList","@id":"https:\/\/www.socomecsrl.com\/de\/prodotto\/fs-515\/#breadcrumb","itemListElement":[{"@type":"ListItem","position":1,"name":"Home","item":"https:\/\/www.socomecsrl.com\/de\/"},{"@type":"ListItem","position":2,"name":"Holzbearbeitungsmaschinen","item":"https:\/\/www.socomecsrl.com\/negozio\/"},{"@type":"ListItem","position":3,"name":"FS 515"}]},{"@type":"WebSite","@id":"https:\/\/www.socomecsrl.com\/de\/#website","url":"https:\/\/www.socomecsrl.com\/de\/","name":"Socomec Srl","description":"Socomec srl produzione di macchine per la lavorazione del legno:seghe nastro,levigatrici,seghe circolari, cavatrici,pialle,spessori,toupie etc","publisher":{"@id":"https:\/\/www.socomecsrl.com\/de\/#organization"},"potentialAction":[{"@type":"SearchAction","target":{"@type":"EntryPoint","urlTemplate":"https:\/\/www.socomecsrl.com\/de\/?s={search_term_string}"},"query-input":"required name=search_term_string"}],"inLanguage":"de"},{"@type":"Organization","@id":"https:\/\/www.socomecsrl.com\/de\/#organization","name":"Socomec Srl","url":"https:\/\/www.socomecsrl.com\/de\/","sameAs":["https:\/\/www.youtube.com\/c\/Socomecsrl-MacchinePerLegno"],"logo":{"@type":"ImageObject","inLanguage":"de","@id":"https:\/\/www.socomecsrl.com\/de\/#\/schema\/logo\/image\/","url":"https:\/\/www.socomecsrl.com\/wp-content\/uploads\/2022\/04\/logo-socomec-1-e1650969880710.png","contentUrl":"https:\/\/www.socomecsrl.com\/wp-content\/uploads\/2022\/04\/logo-socomec-1-e1650969880710.png","width":1500,"height":600,"caption":"Socomec Srl"},"image":{"@id":"https:\/\/www.socomecsrl.com\/de\/#\/schema\/logo\/image\/"}}]}},"_links":{"self":[{"href":"https:\/\/www.socomecsrl.com\/de\/wp-json\/wp\/v2\/product\/3131","targetHints":{"allow":["GET"]}}],"collection":[{"href":"https:\/\/www.socomecsrl.com\/de\/wp-json\/wp\/v2\/product"}],"about":[{"href":"https:\/\/www.socomecsrl.com\/de\/wp-json\/wp\/v2\/types\/product"}],"wp:featuredmedia":[{"embeddable":true,"href":"https:\/\/www.socomecsrl.com\/de\/wp-json\/wp\/v2\/media\/1508"}],"wp:attachment":[{"href":"https:\/\/www.socomecsrl.com\/de\/wp-json\/wp\/v2\/media?parent=3131"}],"wp:term":[{"taxonomy":"product_cat","embeddable":true,"href":"https:\/\/www.socomecsrl.com\/de\/wp-json\/wp\/v2\/product_cat?post=3131"},{"taxonomy":"product_tag","embeddable":true,"href":"https:\/\/www.socomecsrl.com\/de\/wp-json\/wp\/v2\/product_tag?post=3131"}],"curies":[{"name":"wp","href":"https:\/\/api.w.org\/{rel}","templated":true}]}}