{"id":3153,"date":"2022-05-06T14:21:40","date_gmt":"2022-05-06T14:21:40","guid":{"rendered":"https:\/\/www.socomecsrl.com\/prodotto\/f-230\/"},"modified":"2022-07-27T08:53:05","modified_gmt":"2022-07-27T08:53:05","slug":"f-230","status":"publish","type":"product","link":"https:\/\/www.socomecsrl.com\/de\/prodotto\/f-230\/","title":{"rendered":"F 230"},"content":{"rendered":"<p>Die <strong>Fr\u00e4smaschine f\u00fcr Holz <\/strong> ist ein weit verbreiteter Fr\u00e4sertyp, sie wird verwendet, um Nuten herzustellen, die Bl\u00e4tter der Platten zu profilieren und Nuten durch Verzahnen auszuf\u00fchren. Unsere Toupies eignen sich besonders f\u00fcr professionelle Tischlereien, sie werden vollst\u00e4ndig in Italien hergestellt und entsprechen den EG-Vorschriften und den erforderlichen Parametern zur L\u00e4rm- und Staubemission.<\/p>\n","protected":false},"excerpt":{"rendered":"<p>Fr\u00e4se f\u00fcr Holz Modell F 230, Maschine zur detailgetreuen und professionellen Bearbeitung geeignet f\u00fcr Zimmerei.<\/p>\n","protected":false},"featured_media":1605,"template":"","meta":{"_et_pb_use_builder":"","_et_pb_old_content":"","_et_gb_content_width":""},"product_cat":[141],"product_tag":[],"class_list":["post-3153","product","type-product","status-publish","has-post-thumbnail","hentry","product_cat-toupie-per-legno-de"],"acf":[],"yoast_head":"<!-- This site is optimized with the Yoast SEO plugin v19.8 - https:\/\/yoast.com\/wordpress\/plugins\/seo\/ -->\n<title>F 230 - Socomec Srl<\/title>\n<meta name=\"description\" content=\"F 230 - Socomec Srl\" \/>\n<meta name=\"robots\" content=\"index, follow, max-snippet:-1, max-image-preview:large, max-video-preview:-1\" \/>\n<link rel=\"canonical\" href=\"https:\/\/www.socomecsrl.com\/de\/prodotto\/f-230\/\" \/>\n<meta property=\"og:locale\" content=\"de_DE\" \/>\n<meta property=\"og:type\" content=\"article\" \/>\n<meta property=\"og:title\" content=\"F 230 - Socomec Srl\" \/>\n<meta property=\"og:description\" content=\"F 230 - Socomec Srl\" \/>\n<meta property=\"og:site_name\" content=\"Socomec Srl\" \/>\n<meta property=\"article:modified_time\" content=\"2022-07-27T08:53:05+00:00\" \/>\n<meta property=\"og:image\" content=\"https:\/\/www.socomecsrl.com\/wp-content\/uploads\/2022\/05\/55.png\" \/>\n\t<meta property=\"og:image:width\" content=\"1600\" \/>\n\t<meta property=\"og:image:height\" content=\"1200\" \/>\n\t<meta property=\"og:image:type\" content=\"image\/png\" \/>\n<meta name=\"twitter:card\" content=\"summary_large_image\" \/>\n<script type=\"application\/ld+json\" class=\"yoast-schema-graph\">{\"@context\":\"https:\/\/schema.org\",\"@graph\":[{\"@type\":\"WebPage\",\"@id\":\"https:\/\/www.socomecsrl.com\/de\/prodotto\/f-230\/\",\"url\":\"https:\/\/www.socomecsrl.com\/de\/prodotto\/f-230\/\",\"name\":\"F 230 - Socomec Srl\",\"isPartOf\":{\"@id\":\"https:\/\/www.socomecsrl.com\/de\/#website\"},\"datePublished\":\"2022-05-06T14:21:40+00:00\",\"dateModified\":\"2022-07-27T08:53:05+00:00\",\"description\":\"F 230 - Socomec Srl\",\"breadcrumb\":{\"@id\":\"https:\/\/www.socomecsrl.com\/de\/prodotto\/f-230\/#breadcrumb\"},\"inLanguage\":\"de\",\"potentialAction\":[{\"@type\":\"ReadAction\",\"target\":[\"https:\/\/www.socomecsrl.com\/de\/prodotto\/f-230\/\"]}]},{\"@type\":\"BreadcrumbList\",\"@id\":\"https:\/\/www.socomecsrl.com\/de\/prodotto\/f-230\/#breadcrumb\",\"itemListElement\":[{\"@type\":\"ListItem\",\"position\":1,\"name\":\"Home\",\"item\":\"https:\/\/www.socomecsrl.com\/de\/\"},{\"@type\":\"ListItem\",\"position\":2,\"name\":\"Holzbearbeitungsmaschinen\",\"item\":\"https:\/\/www.socomecsrl.com\/negozio\/\"},{\"@type\":\"ListItem\",\"position\":3,\"name\":\"F 230\"}]},{\"@type\":\"WebSite\",\"@id\":\"https:\/\/www.socomecsrl.com\/de\/#website\",\"url\":\"https:\/\/www.socomecsrl.com\/de\/\",\"name\":\"Socomec Srl\",\"description\":\"Socomec srl produzione di macchine per la lavorazione del legno:seghe nastro,levigatrici,seghe circolari, cavatrici,pialle,spessori,toupie etc\",\"publisher\":{\"@id\":\"https:\/\/www.socomecsrl.com\/de\/#organization\"},\"potentialAction\":[{\"@type\":\"SearchAction\",\"target\":{\"@type\":\"EntryPoint\",\"urlTemplate\":\"https:\/\/www.socomecsrl.com\/de\/?s={search_term_string}\"},\"query-input\":\"required name=search_term_string\"}],\"inLanguage\":\"de\"},{\"@type\":\"Organization\",\"@id\":\"https:\/\/www.socomecsrl.com\/de\/#organization\",\"name\":\"Socomec Srl\",\"url\":\"https:\/\/www.socomecsrl.com\/de\/\",\"sameAs\":[\"https:\/\/www.youtube.com\/c\/Socomecsrl-MacchinePerLegno\"],\"logo\":{\"@type\":\"ImageObject\",\"inLanguage\":\"de\",\"@id\":\"https:\/\/www.socomecsrl.com\/de\/#\/schema\/logo\/image\/\",\"url\":\"https:\/\/www.socomecsrl.com\/wp-content\/uploads\/2022\/04\/logo-socomec-1-e1650969880710.png\",\"contentUrl\":\"https:\/\/www.socomecsrl.com\/wp-content\/uploads\/2022\/04\/logo-socomec-1-e1650969880710.png\",\"width\":1500,\"height\":600,\"caption\":\"Socomec Srl\"},\"image\":{\"@id\":\"https:\/\/www.socomecsrl.com\/de\/#\/schema\/logo\/image\/\"}}]}<\/script>\n<!-- \/ Yoast SEO plugin. -->","yoast_head_json":{"title":"F 230 - Socomec Srl","description":"F 230 - Socomec Srl","robots":{"index":"index","follow":"follow","max-snippet":"max-snippet:-1","max-image-preview":"max-image-preview:large","max-video-preview":"max-video-preview:-1"},"canonical":"https:\/\/www.socomecsrl.com\/de\/prodotto\/f-230\/","og_locale":"de_DE","og_type":"article","og_title":"F 230 - Socomec Srl","og_description":"F 230 - Socomec Srl","og_site_name":"Socomec Srl","article_modified_time":"2022-07-27T08:53:05+00:00","og_image":[{"width":1600,"height":1200,"url":"https:\/\/www.socomecsrl.com\/wp-content\/uploads\/2022\/05\/55.png","type":"image\/png"}],"twitter_card":"summary_large_image","schema":{"@context":"https:\/\/schema.org","@graph":[{"@type":"WebPage","@id":"https:\/\/www.socomecsrl.com\/de\/prodotto\/f-230\/","url":"https:\/\/www.socomecsrl.com\/de\/prodotto\/f-230\/","name":"F 230 - Socomec Srl","isPartOf":{"@id":"https:\/\/www.socomecsrl.com\/de\/#website"},"datePublished":"2022-05-06T14:21:40+00:00","dateModified":"2022-07-27T08:53:05+00:00","description":"F 230 - Socomec Srl","breadcrumb":{"@id":"https:\/\/www.socomecsrl.com\/de\/prodotto\/f-230\/#breadcrumb"},"inLanguage":"de","potentialAction":[{"@type":"ReadAction","target":["https:\/\/www.socomecsrl.com\/de\/prodotto\/f-230\/"]}]},{"@type":"BreadcrumbList","@id":"https:\/\/www.socomecsrl.com\/de\/prodotto\/f-230\/#breadcrumb","itemListElement":[{"@type":"ListItem","position":1,"name":"Home","item":"https:\/\/www.socomecsrl.com\/de\/"},{"@type":"ListItem","position":2,"name":"Holzbearbeitungsmaschinen","item":"https:\/\/www.socomecsrl.com\/negozio\/"},{"@type":"ListItem","position":3,"name":"F 230"}]},{"@type":"WebSite","@id":"https:\/\/www.socomecsrl.com\/de\/#website","url":"https:\/\/www.socomecsrl.com\/de\/","name":"Socomec Srl","description":"Socomec srl produzione di macchine per la lavorazione del legno:seghe nastro,levigatrici,seghe circolari, cavatrici,pialle,spessori,toupie etc","publisher":{"@id":"https:\/\/www.socomecsrl.com\/de\/#organization"},"potentialAction":[{"@type":"SearchAction","target":{"@type":"EntryPoint","urlTemplate":"https:\/\/www.socomecsrl.com\/de\/?s={search_term_string}"},"query-input":"required name=search_term_string"}],"inLanguage":"de"},{"@type":"Organization","@id":"https:\/\/www.socomecsrl.com\/de\/#organization","name":"Socomec Srl","url":"https:\/\/www.socomecsrl.com\/de\/","sameAs":["https:\/\/www.youtube.com\/c\/Socomecsrl-MacchinePerLegno"],"logo":{"@type":"ImageObject","inLanguage":"de","@id":"https:\/\/www.socomecsrl.com\/de\/#\/schema\/logo\/image\/","url":"https:\/\/www.socomecsrl.com\/wp-content\/uploads\/2022\/04\/logo-socomec-1-e1650969880710.png","contentUrl":"https:\/\/www.socomecsrl.com\/wp-content\/uploads\/2022\/04\/logo-socomec-1-e1650969880710.png","width":1500,"height":600,"caption":"Socomec Srl"},"image":{"@id":"https:\/\/www.socomecsrl.com\/de\/#\/schema\/logo\/image\/"}}]}},"_links":{"self":[{"href":"https:\/\/www.socomecsrl.com\/de\/wp-json\/wp\/v2\/product\/3153","targetHints":{"allow":["GET"]}}],"collection":[{"href":"https:\/\/www.socomecsrl.com\/de\/wp-json\/wp\/v2\/product"}],"about":[{"href":"https:\/\/www.socomecsrl.com\/de\/wp-json\/wp\/v2\/types\/product"}],"wp:featuredmedia":[{"embeddable":true,"href":"https:\/\/www.socomecsrl.com\/de\/wp-json\/wp\/v2\/media\/1605"}],"wp:attachment":[{"href":"https:\/\/www.socomecsrl.com\/de\/wp-json\/wp\/v2\/media?parent=3153"}],"wp:term":[{"taxonomy":"product_cat","embeddable":true,"href":"https:\/\/www.socomecsrl.com\/de\/wp-json\/wp\/v2\/product_cat?post=3153"},{"taxonomy":"product_tag","embeddable":true,"href":"https:\/\/www.socomecsrl.com\/de\/wp-json\/wp\/v2\/product_tag?post=3153"}],"curies":[{"name":"wp","href":"https:\/\/api.w.org\/{rel}","templated":true}]}}