{"id":723,"date":"2022-04-13T10:39:03","date_gmt":"2022-04-13T10:39:03","guid":{"rendered":"https:\/\/www.socomecsrl.com\/boutique\/"},"modified":"2022-10-24T13:58:34","modified_gmt":"2022-10-24T13:58:34","slug":"machines-a-bois","status":"publish","type":"page","link":"https:\/\/www.socomecsrl.com\/fr\/machines-a-bois\/","title":{"rendered":"Machines \u00e0 bois"},"content":{"rendered":"<p>[et_pb_section fb_built=\u00a0\u00bb1&Prime; _builder_version=\u00a0\u00bb4.16.1&Prime; _module_preset=\u00a0\u00bbdefault\u00a0\u00bb background_image=\u00a0\u00bbhttps:\/\/www.socomecsrl.com\/wp-content\/uploads\/2022\/06\/Macchine-per-la-lavorazione-Legno.png\u00a0\u00bb background_last_edited=\u00a0\u00bbon|desktop\u00a0\u00bb background_position_phone=\u00a0\u00bbcenter\u00a0\u00bb background_horizontal_offset_phone=\u00a0\u00bb27%\u00a0\u00bb global_colors_info=\u00a0\u00bb{}\u00a0\u00bb][et_pb_row _builder_version=\u00a0\u00bb4.16.1&Prime; _module_preset=\u00a0\u00bbdefault\u00a0\u00bb global_colors_info=\u00a0\u00bb{}\u00a0\u00bb][et_pb_column type=\u00a0\u00bb4_4&Prime; _builder_version=\u00a0\u00bb4.16.1&Prime; _module_preset=\u00a0\u00bbdefault\u00a0\u00bb global_colors_info=\u00a0\u00bb{}\u00a0\u00bb][et_pb_text _builder_version=\u00a0\u00bb4.17.4&Prime; _module_preset=\u00a0\u00bbdefault\u00a0\u00bb text_font=\u00a0\u00bbBaloo Paaji 2||||||||\u00a0\u00bb text_text_color=\u00a0\u00bb#FFFFFF\u00a0\u00bb text_font_size=\u00a0\u00bb80px\u00a0\u00bb text_letter_spacing=\u00a0\u00bb-3px\u00a0\u00bb text_line_height=\u00a0\u00bb0.8em\u00a0\u00bb header_letter_spacing=\u00a0\u00bb-2px\u00a0\u00bb custom_margin=\u00a0\u00bb0px||10px||false|false\u00a0\u00bb custom_padding=\u00a0\u00bb0px||0px||false|false\u00a0\u00bb text_font_size_tablet=\u00a0\u00bb50px\u00a0\u00bb text_font_size_phone=\u00a0\u00bb44px\u00a0\u00bb text_font_size_last_edited=\u00a0\u00bbon|phone\u00a0\u00bb text_letter_spacing_tablet=\u00a0\u00bb\u00a0\u00bb text_letter_spacing_phone=\u00a0\u00bb-1px\u00a0\u00bb text_letter_spacing_last_edited=\u00a0\u00bbon|phone\u00a0\u00bb header_font_size_tablet=\u00a0\u00bb\u00a0\u00bb header_font_size_phone=\u00a0\u00bb\u00a0\u00bb header_font_size_last_edited=\u00a0\u00bbon|phone\u00a0\u00bb text_orientation_tablet=\u00a0\u00bbleft\u00a0\u00bb text_orientation_phone=\u00a0\u00bbleft\u00a0\u00bb text_orientation_last_edited=\u00a0\u00bbon|tablet\u00a0\u00bb global_colors_info=\u00a0\u00bb{}\u00a0\u00bb]<\/p>\n<p>Machines \u00e0 Bois Italiennes<\/p>\n<p>[\/et_pb_text][et_pb_text _builder_version=\u00a0\u00bb4.17.6&Prime; _module_preset=\u00a0\u00bbdefault\u00a0\u00bb text_font=\u00a0\u00bbNunito||||||||\u00a0\u00bb text_text_color=\u00a0\u00bb#FFFFFF\u00a0\u00bb text_font_size=\u00a0\u00bb30px\u00a0\u00bb text_letter_spacing=\u00a0\u00bb-1px\u00a0\u00bb text_line_height=\u00a0\u00bb1.2em\u00a0\u00bb custom_margin=\u00a0\u00bb0px||0px||false|false\u00a0\u00bb custom_padding=\u00a0\u00bb0px||0px||false|false\u00a0\u00bb text_font_size_tablet=\u00a0\u00bb25px\u00a0\u00bb text_font_size_phone=\u00a0\u00bb23px\u00a0\u00bb text_font_size_last_edited=\u00a0\u00bbon|tablet\u00a0\u00bb text_letter_spacing_tablet=\u00a0\u00bb\u00a0\u00bb text_letter_spacing_phone=\u00a0\u00bb0px\u00a0\u00bb text_letter_spacing_last_edited=\u00a0\u00bbon|phone\u00a0\u00bb global_colors_info=\u00a0\u00bb{}\u00a0\u00bb]<\/p>\n<p><span class=\"VIiyi\" jsaction=\"mouseup:BR6jm\" jsname=\"jqKxS\" lang=\"fr\"><span jsaction=\"agoMJf:PFBcW;usxOmf:aWLT7;jhKsnd:P7O7bd,F8DmGf;Q4AGo:Gm7gYd,qAKMYb;uFUCPb:pvnm0e,pfE8Hb,PFBcW;f56efd:dJXsye;EnoYf:KNzws,ZJsZZ,JgVSJc;zdMJQc:cCQNKb,ZJsZZ,zchEXc;Ytrrj:JJDvdc;tNR8yc:GeFvjb;oFN6Ye:hij5Wb;bmeZHc:iURhpf;Oxj3Xe:qAKMYb,yaf12d\" jsname=\"txFAF\" class=\"JLqJ4b ChMk0b\" data-language-for-alternatives=\"fr\" data-language-to-translate-into=\"it\" data-phrase-index=\"0\" data-number-of-phrases=\"1\" jscontroller=\"Zl5N8\" jsdata=\"uqLsIf;_;$42\" jsmodel=\"SsMkhd\"><span class=\"Q4iAWc\" jsaction=\"click:qtZ4nf,GFf3ac,tMZCfe; contextmenu:Nqw7Te,QP7LD; mouseout:Nqw7Te; mouseover:qtZ4nf,c2aHje\" jsname=\"W297wb\">Depuis 1985 marque de qualit\u00e9, fiabilit\u00e9 et MADE IN ITALY<\/span><\/span><\/span><\/p>\n<p>[\/et_pb_text][\/et_pb_column][\/et_pb_row][\/et_pb_section][et_pb_section fb_built=\u00a0\u00bb1&Prime; _builder_version=\u00a0\u00bb4.16.1&Prime; _module_preset=\u00a0\u00bbdefault\u00a0\u00bb custom_margin=\u00a0\u00bb||||false|false\u00a0\u00bb custom_padding=\u00a0\u00bb50px||||false|false\u00a0\u00bb global_colors_info=\u00a0\u00bb{}\u00a0\u00bb][et_pb_row column_structure=\u00a0\u00bb1_4,3_4&Prime; use_custom_gutter=\u00a0\u00bbon\u00a0\u00bb gutter_width=\u00a0\u00bb2&Prime; _builder_version=\u00a0\u00bb4.16.1&Prime; _module_preset=\u00a0\u00bbdefault\u00a0\u00bb global_colors_info=\u00a0\u00bb{}\u00a0\u00bb][et_pb_column type=\u00a0\u00bb1_4&Prime; _builder_version=\u00a0\u00bb4.16.1&Prime; _module_preset=\u00a0\u00bbdefault\u00a0\u00bb global_colors_info=\u00a0\u00bb{}\u00a0\u00bb][et_pb_sidebar disabled_on=\u00a0\u00bbon|on|off\u00a0\u00bb _builder_version=\u00a0\u00bb4.16.1&Prime; _module_preset=\u00a0\u00bbdefault\u00a0\u00bb global_colors_info=\u00a0\u00bb{}\u00a0\u00bb][\/et_pb_sidebar][\/et_pb_column][et_pb_column type=\u00a0\u00bb3_4&Prime; _builder_version=\u00a0\u00bb4.16.1&Prime; _module_preset=\u00a0\u00bbdefault\u00a0\u00bb global_colors_info=\u00a0\u00bb{}\u00a0\u00bb][et_pb_text _builder_version=\u00a0\u00bb4.17.4&Prime; _module_preset=\u00a0\u00bbdefault\u00a0\u00bb header_font=\u00a0\u00bb||||||||\u00a0\u00bb header_text_align=\u00a0\u00bbleft\u00a0\u00bb header_font_size_tablet=\u00a0\u00bb\u00a0\u00bb header_font_size_phone=\u00a0\u00bb\u00a0\u00bb header_font_size_last_edited=\u00a0\u00bbon|phone\u00a0\u00bb global_colors_info=\u00a0\u00bb{}\u00a0\u00bb]<\/p>\n<h1>Machines \u00e0 bois<\/h1>\n<p>Nos machines \u00e0 bois sont con\u00e7ues pour r\u00e9pondre aux besoins d&rsquo;une large client\u00e8le, allant de l&rsquo;amateur le plus exigeant jusqu&rsquo;\u00e0 l&rsquo;industrie du bois. Une production <strong>ENTI\u00c8REMENT ITALIENNE<\/strong> qui garantit des r\u00e9sultats durables.<\/p>\n<p>[\/et_pb_text][et_pb_text _builder_version=\u00a0\u00bb4.16.1&Prime; _module_preset=\u00a0\u00bbdefault\u00a0\u00bb global_colors_info=\u00a0\u00bb{}\u00a0\u00bb]<div class=\"woocommerce columns-3\"><ul class=\"products columns-3\">\n<li class=\"product-category product first\">\n\t<\/li>\n<li class=\"product-category product\">\n\t<\/li>\n<li class=\"product-category product last\">\n\t<\/li>\n<li class=\"product-category product first\">\n\t<\/li>\n<li class=\"product-category product\">\n\t<\/li>\n<li class=\"product-category product last\">\n\t<\/li>\n<li class=\"product-category product first\">\n\t<\/li>\n<li class=\"product-category product\">\n\t<\/li>\n<\/ul>\n<\/div>[\/et_pb_text][\/et_pb_column][\/et_pb_row][\/et_pb_section]<\/p>\n","protected":false},"excerpt":{"rendered":"<p>Machines \u00e0 Bois ItaliennesDepuis 1985 marque de qualit\u00e9, fiabilit\u00e9 et MADE IN ITALYMachines \u00e0 bois Nos machines \u00e0 bois sont con\u00e7ues pour r\u00e9pondre aux besoins d&rsquo;une large client\u00e8le, allant de l&rsquo;amateur le plus exigeant jusqu&rsquo;\u00e0 l&rsquo;industrie du bois. Une production ENTI\u00c8REMENT ITALIENNE qui garantit des r\u00e9sultats durables.<div class=\"woocommerce columns-3\"><ul class=\"products columns-3\">\n<li class=\"product-category product first\">\n\t<\/li>\n<li class=\"product-category product\">\n\t<\/li>\n<li class=\"product-category product last\">\n\t<\/li>\n<li class=\"product-category product first\">\n\t<\/li>\n<li class=\"product-category product\">\n\t<\/li>\n<li class=\"product-category product last\">\n\t<\/li>\n<li class=\"product-category product first\">\n\t<\/li>\n<li class=\"product-category product\">\n\t<\/li>\n<\/ul>\n<\/div><\/p>\n","protected":false},"author":1,"featured_media":0,"parent":0,"menu_order":0,"comment_status":"closed","ping_status":"closed","template":"","meta":{"_et_pb_use_builder":"on","_et_pb_old_content":"","_et_gb_content_width":"","footnotes":""},"class_list":["post-723","page","type-page","status-publish","hentry"],"acf":[],"yoast_head":"<!-- This site is optimized with the Yoast SEO plugin v19.8 - https:\/\/yoast.com\/wordpress\/plugins\/seo\/ -->\n<title>Machines \u00e0 bois - Socomec Srl<\/title>\n<meta name=\"description\" content=\"Machines \u00e0 bois - Socomec Srl\" \/>\n<meta name=\"robots\" content=\"index, follow, max-snippet:-1, max-image-preview:large, max-video-preview:-1\" \/>\n<link rel=\"canonical\" href=\"https:\/\/www.socomecsrl.com\/fr\/machines-a-bois\/\" \/>\n<meta property=\"og:locale\" content=\"fr_FR\" \/>\n<meta property=\"og:type\" content=\"article\" \/>\n<meta property=\"og:title\" content=\"Machines \u00e0 bois - Socomec Srl\" \/>\n<meta property=\"og:description\" content=\"Machines \u00e0 bois - Socomec Srl\" \/>\n<meta property=\"og:site_name\" content=\"Socomec Srl\" \/>\n<meta property=\"article:modified_time\" content=\"2022-10-24T13:58:34+00:00\" \/>\n<meta name=\"twitter:card\" content=\"summary_large_image\" \/>\n<meta name=\"twitter:label1\" content=\"Dur\u00e9e de lecture estim\u00e9e\" \/>\n\t<meta name=\"twitter:data1\" content=\"2 minutes\" \/>\n<script type=\"application\/ld+json\" class=\"yoast-schema-graph\">{\"@context\":\"https:\/\/schema.org\",\"@graph\":[{\"@type\":\"WebPage\",\"@id\":\"https:\/\/www.socomecsrl.com\/fr\/machines-a-bois\/\",\"url\":\"https:\/\/www.socomecsrl.com\/fr\/machines-a-bois\/\",\"name\":\"Machines \u00e0 bois - Socomec Srl\",\"isPartOf\":{\"@id\":\"https:\/\/www.socomecsrl.com\/fr\/#website\"},\"datePublished\":\"2022-04-13T10:39:03+00:00\",\"dateModified\":\"2022-10-24T13:58:34+00:00\",\"description\":\"Machines \u00e0 bois - Socomec Srl\",\"breadcrumb\":{\"@id\":\"https:\/\/www.socomecsrl.com\/fr\/machines-a-bois\/#breadcrumb\"},\"inLanguage\":\"fr-FR\",\"potentialAction\":[{\"@type\":\"ReadAction\",\"target\":[\"https:\/\/www.socomecsrl.com\/fr\/machines-a-bois\/\"]}]},{\"@type\":\"BreadcrumbList\",\"@id\":\"https:\/\/www.socomecsrl.com\/fr\/machines-a-bois\/#breadcrumb\",\"itemListElement\":[{\"@type\":\"ListItem\",\"position\":1,\"name\":\"Home\",\"item\":\"https:\/\/www.socomecsrl.com\/fr\/\"},{\"@type\":\"ListItem\",\"position\":2,\"name\":\"Machines \u00e0 bois\"}]},{\"@type\":\"WebSite\",\"@id\":\"https:\/\/www.socomecsrl.com\/fr\/#website\",\"url\":\"https:\/\/www.socomecsrl.com\/fr\/\",\"name\":\"Socomec Srl\",\"description\":\"Socomec srl produzione di macchine per la lavorazione del legno:seghe nastro,levigatrici,seghe circolari, cavatrici,pialle,spessori,toupie etc\",\"publisher\":{\"@id\":\"https:\/\/www.socomecsrl.com\/fr\/#organization\"},\"potentialAction\":[{\"@type\":\"SearchAction\",\"target\":{\"@type\":\"EntryPoint\",\"urlTemplate\":\"https:\/\/www.socomecsrl.com\/fr\/?s={search_term_string}\"},\"query-input\":\"required name=search_term_string\"}],\"inLanguage\":\"fr-FR\"},{\"@type\":\"Organization\",\"@id\":\"https:\/\/www.socomecsrl.com\/fr\/#organization\",\"name\":\"Socomec Srl\",\"url\":\"https:\/\/www.socomecsrl.com\/fr\/\",\"sameAs\":[\"https:\/\/www.youtube.com\/c\/Socomecsrl-MacchinePerLegno\"],\"logo\":{\"@type\":\"ImageObject\",\"inLanguage\":\"fr-FR\",\"@id\":\"https:\/\/www.socomecsrl.com\/fr\/#\/schema\/logo\/image\/\",\"url\":\"https:\/\/www.socomecsrl.com\/wp-content\/uploads\/2022\/04\/logo-socomec-1-e1650969880710.png\",\"contentUrl\":\"https:\/\/www.socomecsrl.com\/wp-content\/uploads\/2022\/04\/logo-socomec-1-e1650969880710.png\",\"width\":1500,\"height\":600,\"caption\":\"Socomec Srl\"},\"image\":{\"@id\":\"https:\/\/www.socomecsrl.com\/fr\/#\/schema\/logo\/image\/\"}}]}<\/script>\n<!-- \/ Yoast SEO plugin. -->","yoast_head_json":{"title":"Machines \u00e0 bois - Socomec Srl","description":"Machines \u00e0 bois - Socomec Srl","robots":{"index":"index","follow":"follow","max-snippet":"max-snippet:-1","max-image-preview":"max-image-preview:large","max-video-preview":"max-video-preview:-1"},"canonical":"https:\/\/www.socomecsrl.com\/fr\/machines-a-bois\/","og_locale":"fr_FR","og_type":"article","og_title":"Machines \u00e0 bois - Socomec Srl","og_description":"Machines \u00e0 bois - Socomec Srl","og_site_name":"Socomec Srl","article_modified_time":"2022-10-24T13:58:34+00:00","twitter_card":"summary_large_image","twitter_misc":{"Dur\u00e9e de lecture estim\u00e9e":"2 minutes"},"schema":{"@context":"https:\/\/schema.org","@graph":[{"@type":"WebPage","@id":"https:\/\/www.socomecsrl.com\/fr\/machines-a-bois\/","url":"https:\/\/www.socomecsrl.com\/fr\/machines-a-bois\/","name":"Machines \u00e0 bois - Socomec Srl","isPartOf":{"@id":"https:\/\/www.socomecsrl.com\/fr\/#website"},"datePublished":"2022-04-13T10:39:03+00:00","dateModified":"2022-10-24T13:58:34+00:00","description":"Machines \u00e0 bois - Socomec Srl","breadcrumb":{"@id":"https:\/\/www.socomecsrl.com\/fr\/machines-a-bois\/#breadcrumb"},"inLanguage":"fr-FR","potentialAction":[{"@type":"ReadAction","target":["https:\/\/www.socomecsrl.com\/fr\/machines-a-bois\/"]}]},{"@type":"BreadcrumbList","@id":"https:\/\/www.socomecsrl.com\/fr\/machines-a-bois\/#breadcrumb","itemListElement":[{"@type":"ListItem","position":1,"name":"Home","item":"https:\/\/www.socomecsrl.com\/fr\/"},{"@type":"ListItem","position":2,"name":"Machines \u00e0 bois"}]},{"@type":"WebSite","@id":"https:\/\/www.socomecsrl.com\/fr\/#website","url":"https:\/\/www.socomecsrl.com\/fr\/","name":"Socomec Srl","description":"Socomec srl produzione di macchine per la lavorazione del legno:seghe nastro,levigatrici,seghe circolari, cavatrici,pialle,spessori,toupie etc","publisher":{"@id":"https:\/\/www.socomecsrl.com\/fr\/#organization"},"potentialAction":[{"@type":"SearchAction","target":{"@type":"EntryPoint","urlTemplate":"https:\/\/www.socomecsrl.com\/fr\/?s={search_term_string}"},"query-input":"required name=search_term_string"}],"inLanguage":"fr-FR"},{"@type":"Organization","@id":"https:\/\/www.socomecsrl.com\/fr\/#organization","name":"Socomec Srl","url":"https:\/\/www.socomecsrl.com\/fr\/","sameAs":["https:\/\/www.youtube.com\/c\/Socomecsrl-MacchinePerLegno"],"logo":{"@type":"ImageObject","inLanguage":"fr-FR","@id":"https:\/\/www.socomecsrl.com\/fr\/#\/schema\/logo\/image\/","url":"https:\/\/www.socomecsrl.com\/wp-content\/uploads\/2022\/04\/logo-socomec-1-e1650969880710.png","contentUrl":"https:\/\/www.socomecsrl.com\/wp-content\/uploads\/2022\/04\/logo-socomec-1-e1650969880710.png","width":1500,"height":600,"caption":"Socomec Srl"},"image":{"@id":"https:\/\/www.socomecsrl.com\/fr\/#\/schema\/logo\/image\/"}}]}},"_links":{"self":[{"href":"https:\/\/www.socomecsrl.com\/fr\/wp-json\/wp\/v2\/pages\/723","targetHints":{"allow":["GET"]}}],"collection":[{"href":"https:\/\/www.socomecsrl.com\/fr\/wp-json\/wp\/v2\/pages"}],"about":[{"href":"https:\/\/www.socomecsrl.com\/fr\/wp-json\/wp\/v2\/types\/page"}],"author":[{"embeddable":true,"href":"https:\/\/www.socomecsrl.com\/fr\/wp-json\/wp\/v2\/users\/1"}],"replies":[{"embeddable":true,"href":"https:\/\/www.socomecsrl.com\/fr\/wp-json\/wp\/v2\/comments?post=723"}],"version-history":[{"count":6,"href":"https:\/\/www.socomecsrl.com\/fr\/wp-json\/wp\/v2\/pages\/723\/revisions"}],"predecessor-version":[{"id":4304,"href":"https:\/\/www.socomecsrl.com\/fr\/wp-json\/wp\/v2\/pages\/723\/revisions\/4304"}],"wp:attachment":[{"href":"https:\/\/www.socomecsrl.com\/fr\/wp-json\/wp\/v2\/media?parent=723"}],"curies":[{"name":"wp","href":"https:\/\/api.w.org\/{rel}","templated":true}]}}