{"id":3108,"date":"2022-05-05T15:42:51","date_gmt":"2022-05-05T15:42:51","guid":{"rendered":"https:\/\/www.socomecsrl.com\/prodotto\/ps-630\/"},"modified":"2022-06-24T15:32:04","modified_gmt":"2022-06-24T15:32:04","slug":"ps-630","status":"publish","type":"product","link":"https:\/\/www.socomecsrl.com\/fr\/prodotto\/ps-630\/","title":{"rendered":"PS 630"},"content":{"rendered":"<p>La <strong> raboteuse professionnelle <\/strong> pour le profilage ou le fa\u00e7onnage est notre produit le plus innovant sur le plan technologique, nous produisons \u00e9galement des rabots d&rsquo;\u00e9paisseur standard et des rabots combin\u00e9s d&rsquo;\u00e9paisseur de chant.<\/p>\n<p><span style=\"color: #ff0000;\"><a style=\"color: #ff0000; font-size: 25px;\" href=\"https:\/\/www.socomecsrl.com\/wp-content\/uploads\/2022\/05\/PS-530.pdf\">T\u00e9l\u00e9charger le PDF<\/a><\/span><\/p>\n","protected":false},"excerpt":{"rendered":"<p>Raboteuse <strong> PS 630 <\/strong>, pour le travail du bois industriel et professionnel.<\/p>\n","protected":false},"featured_media":1385,"template":"","meta":{"_et_pb_use_builder":"","_et_pb_old_content":"","_et_gb_content_width":""},"product_cat":[119],"product_tag":[],"class_list":["post-3108","product","type-product","status-publish","has-post-thumbnail","hentry","product_cat-pialla-a-spessore-fr"],"acf":[],"yoast_head":"<!-- This site is optimized with the Yoast SEO plugin v19.8 - https:\/\/yoast.com\/wordpress\/plugins\/seo\/ -->\n<title>PS 630 - Socomec Srl<\/title>\n<meta name=\"description\" content=\"PS 630 - Socomec Srl\" \/>\n<meta name=\"robots\" content=\"index, follow, max-snippet:-1, max-image-preview:large, max-video-preview:-1\" \/>\n<link rel=\"canonical\" href=\"https:\/\/www.socomecsrl.com\/fr\/prodotto\/ps-630\/\" \/>\n<meta property=\"og:locale\" content=\"fr_FR\" \/>\n<meta property=\"og:type\" content=\"article\" \/>\n<meta property=\"og:title\" content=\"PS 630 - Socomec Srl\" \/>\n<meta property=\"og:description\" content=\"PS 630 - Socomec Srl\" \/>\n<meta property=\"og:site_name\" content=\"Socomec Srl\" \/>\n<meta property=\"article:modified_time\" content=\"2022-06-24T15:32:04+00:00\" \/>\n<meta property=\"og:image\" content=\"https:\/\/www.socomecsrl.com\/wp-content\/uploads\/2022\/05\/PS630-1.png\" \/>\n\t<meta property=\"og:image:width\" content=\"1600\" \/>\n\t<meta property=\"og:image:height\" content=\"1200\" \/>\n\t<meta property=\"og:image:type\" content=\"image\/png\" \/>\n<meta name=\"twitter:card\" content=\"summary_large_image\" \/>\n<script type=\"application\/ld+json\" class=\"yoast-schema-graph\">{\"@context\":\"https:\/\/schema.org\",\"@graph\":[{\"@type\":\"WebPage\",\"@id\":\"https:\/\/www.socomecsrl.com\/fr\/prodotto\/ps-630\/\",\"url\":\"https:\/\/www.socomecsrl.com\/fr\/prodotto\/ps-630\/\",\"name\":\"PS 630 - Socomec Srl\",\"isPartOf\":{\"@id\":\"https:\/\/www.socomecsrl.com\/fr\/#website\"},\"datePublished\":\"2022-05-05T15:42:51+00:00\",\"dateModified\":\"2022-06-24T15:32:04+00:00\",\"description\":\"PS 630 - Socomec Srl\",\"breadcrumb\":{\"@id\":\"https:\/\/www.socomecsrl.com\/fr\/prodotto\/ps-630\/#breadcrumb\"},\"inLanguage\":\"fr-FR\",\"potentialAction\":[{\"@type\":\"ReadAction\",\"target\":[\"https:\/\/www.socomecsrl.com\/fr\/prodotto\/ps-630\/\"]}]},{\"@type\":\"BreadcrumbList\",\"@id\":\"https:\/\/www.socomecsrl.com\/fr\/prodotto\/ps-630\/#breadcrumb\",\"itemListElement\":[{\"@type\":\"ListItem\",\"position\":1,\"name\":\"Home\",\"item\":\"https:\/\/www.socomecsrl.com\/fr\/\"},{\"@type\":\"ListItem\",\"position\":2,\"name\":\"Machines \u00e0 bois\",\"item\":\"https:\/\/www.socomecsrl.com\/negozio\/\"},{\"@type\":\"ListItem\",\"position\":3,\"name\":\"PS 630\"}]},{\"@type\":\"WebSite\",\"@id\":\"https:\/\/www.socomecsrl.com\/fr\/#website\",\"url\":\"https:\/\/www.socomecsrl.com\/fr\/\",\"name\":\"Socomec Srl\",\"description\":\"Socomec srl produzione di macchine per la lavorazione del legno:seghe nastro,levigatrici,seghe circolari, cavatrici,pialle,spessori,toupie etc\",\"publisher\":{\"@id\":\"https:\/\/www.socomecsrl.com\/fr\/#organization\"},\"potentialAction\":[{\"@type\":\"SearchAction\",\"target\":{\"@type\":\"EntryPoint\",\"urlTemplate\":\"https:\/\/www.socomecsrl.com\/fr\/?s={search_term_string}\"},\"query-input\":\"required name=search_term_string\"}],\"inLanguage\":\"fr-FR\"},{\"@type\":\"Organization\",\"@id\":\"https:\/\/www.socomecsrl.com\/fr\/#organization\",\"name\":\"Socomec Srl\",\"url\":\"https:\/\/www.socomecsrl.com\/fr\/\",\"sameAs\":[\"https:\/\/www.youtube.com\/c\/Socomecsrl-MacchinePerLegno\"],\"logo\":{\"@type\":\"ImageObject\",\"inLanguage\":\"fr-FR\",\"@id\":\"https:\/\/www.socomecsrl.com\/fr\/#\/schema\/logo\/image\/\",\"url\":\"https:\/\/www.socomecsrl.com\/wp-content\/uploads\/2022\/04\/logo-socomec-1-e1650969880710.png\",\"contentUrl\":\"https:\/\/www.socomecsrl.com\/wp-content\/uploads\/2022\/04\/logo-socomec-1-e1650969880710.png\",\"width\":1500,\"height\":600,\"caption\":\"Socomec Srl\"},\"image\":{\"@id\":\"https:\/\/www.socomecsrl.com\/fr\/#\/schema\/logo\/image\/\"}}]}<\/script>\n<!-- \/ Yoast SEO plugin. -->","yoast_head_json":{"title":"PS 630 - Socomec Srl","description":"PS 630 - Socomec Srl","robots":{"index":"index","follow":"follow","max-snippet":"max-snippet:-1","max-image-preview":"max-image-preview:large","max-video-preview":"max-video-preview:-1"},"canonical":"https:\/\/www.socomecsrl.com\/fr\/prodotto\/ps-630\/","og_locale":"fr_FR","og_type":"article","og_title":"PS 630 - Socomec Srl","og_description":"PS 630 - Socomec Srl","og_site_name":"Socomec Srl","article_modified_time":"2022-06-24T15:32:04+00:00","og_image":[{"width":1600,"height":1200,"url":"https:\/\/www.socomecsrl.com\/wp-content\/uploads\/2022\/05\/PS630-1.png","type":"image\/png"}],"twitter_card":"summary_large_image","schema":{"@context":"https:\/\/schema.org","@graph":[{"@type":"WebPage","@id":"https:\/\/www.socomecsrl.com\/fr\/prodotto\/ps-630\/","url":"https:\/\/www.socomecsrl.com\/fr\/prodotto\/ps-630\/","name":"PS 630 - Socomec Srl","isPartOf":{"@id":"https:\/\/www.socomecsrl.com\/fr\/#website"},"datePublished":"2022-05-05T15:42:51+00:00","dateModified":"2022-06-24T15:32:04+00:00","description":"PS 630 - Socomec Srl","breadcrumb":{"@id":"https:\/\/www.socomecsrl.com\/fr\/prodotto\/ps-630\/#breadcrumb"},"inLanguage":"fr-FR","potentialAction":[{"@type":"ReadAction","target":["https:\/\/www.socomecsrl.com\/fr\/prodotto\/ps-630\/"]}]},{"@type":"BreadcrumbList","@id":"https:\/\/www.socomecsrl.com\/fr\/prodotto\/ps-630\/#breadcrumb","itemListElement":[{"@type":"ListItem","position":1,"name":"Home","item":"https:\/\/www.socomecsrl.com\/fr\/"},{"@type":"ListItem","position":2,"name":"Machines \u00e0 bois","item":"https:\/\/www.socomecsrl.com\/negozio\/"},{"@type":"ListItem","position":3,"name":"PS 630"}]},{"@type":"WebSite","@id":"https:\/\/www.socomecsrl.com\/fr\/#website","url":"https:\/\/www.socomecsrl.com\/fr\/","name":"Socomec Srl","description":"Socomec srl produzione di macchine per la lavorazione del legno:seghe nastro,levigatrici,seghe circolari, cavatrici,pialle,spessori,toupie etc","publisher":{"@id":"https:\/\/www.socomecsrl.com\/fr\/#organization"},"potentialAction":[{"@type":"SearchAction","target":{"@type":"EntryPoint","urlTemplate":"https:\/\/www.socomecsrl.com\/fr\/?s={search_term_string}"},"query-input":"required name=search_term_string"}],"inLanguage":"fr-FR"},{"@type":"Organization","@id":"https:\/\/www.socomecsrl.com\/fr\/#organization","name":"Socomec Srl","url":"https:\/\/www.socomecsrl.com\/fr\/","sameAs":["https:\/\/www.youtube.com\/c\/Socomecsrl-MacchinePerLegno"],"logo":{"@type":"ImageObject","inLanguage":"fr-FR","@id":"https:\/\/www.socomecsrl.com\/fr\/#\/schema\/logo\/image\/","url":"https:\/\/www.socomecsrl.com\/wp-content\/uploads\/2022\/04\/logo-socomec-1-e1650969880710.png","contentUrl":"https:\/\/www.socomecsrl.com\/wp-content\/uploads\/2022\/04\/logo-socomec-1-e1650969880710.png","width":1500,"height":600,"caption":"Socomec Srl"},"image":{"@id":"https:\/\/www.socomecsrl.com\/fr\/#\/schema\/logo\/image\/"}}]}},"_links":{"self":[{"href":"https:\/\/www.socomecsrl.com\/fr\/wp-json\/wp\/v2\/product\/3108","targetHints":{"allow":["GET"]}}],"collection":[{"href":"https:\/\/www.socomecsrl.com\/fr\/wp-json\/wp\/v2\/product"}],"about":[{"href":"https:\/\/www.socomecsrl.com\/fr\/wp-json\/wp\/v2\/types\/product"}],"wp:featuredmedia":[{"embeddable":true,"href":"https:\/\/www.socomecsrl.com\/fr\/wp-json\/wp\/v2\/media\/1385"}],"wp:attachment":[{"href":"https:\/\/www.socomecsrl.com\/fr\/wp-json\/wp\/v2\/media?parent=3108"}],"wp:term":[{"taxonomy":"product_cat","embeddable":true,"href":"https:\/\/www.socomecsrl.com\/fr\/wp-json\/wp\/v2\/product_cat?post=3108"},{"taxonomy":"product_tag","embeddable":true,"href":"https:\/\/www.socomecsrl.com\/fr\/wp-json\/wp\/v2\/product_tag?post=3108"}],"curies":[{"name":"wp","href":"https:\/\/api.w.org\/{rel}","templated":true}]}}