{"id":3149,"date":"2022-05-06T14:11:50","date_gmt":"2022-05-06T14:11:50","guid":{"rendered":"https:\/\/www.socomecsrl.com\/prodotto\/cp-28\/"},"modified":"2022-06-24T12:51:04","modified_gmt":"2022-06-24T12:51:04","slug":"cp-28","status":"publish","type":"product","link":"https:\/\/www.socomecsrl.com\/fr\/prodotto\/cp-28\/","title":{"rendered":"CP 28"},"content":{"rendered":"<p><span class=\"style-scope yt-formatted-string\" dir=\"auto\">Mortaiseuse double pour volet pour l&rsquo;ex\u00e9cution de deux pi\u00e8ces \u00e0 la fois avec saut de fente automatique. Jusqu&rsquo;\u00e0 20 fentes produites par minute simultan\u00e9ment sur deux montants et profondeur maximale du trou 20 mm.<\/span><\/p>\n","protected":false},"excerpt":{"rendered":"<p>Mortaiseuses de volets professionnelles CP 28 pour un usinage excellent et pr\u00e9cis.<\/p>\n","protected":false},"featured_media":1587,"template":"","meta":{"_et_pb_use_builder":"","_et_pb_old_content":"","_et_gb_content_width":""},"product_cat":[136,137,56],"product_tag":[],"class_list":["post-3149","product","type-product","status-publish","has-post-thumbnail","hentry","product_cat-cavettatrice-per-persiane-en","product_cat-cavettatrice-per-persiane-fr","product_cat-cavettatrice-per-persiane"],"acf":[],"yoast_head":"<!-- This site is optimized with the Yoast SEO plugin v19.8 - https:\/\/yoast.com\/wordpress\/plugins\/seo\/ -->\n<title>CP 28 - Socomec Srl<\/title>\n<meta name=\"description\" content=\"CP 28 - Socomec Srl\" \/>\n<meta name=\"robots\" content=\"index, follow, max-snippet:-1, max-image-preview:large, max-video-preview:-1\" \/>\n<link rel=\"canonical\" href=\"https:\/\/www.socomecsrl.com\/fr\/prodotto\/cp-28\/\" \/>\n<meta property=\"og:locale\" content=\"fr_FR\" \/>\n<meta property=\"og:type\" content=\"article\" \/>\n<meta property=\"og:title\" content=\"CP 28 - Socomec Srl\" \/>\n<meta property=\"og:description\" content=\"CP 28 - Socomec Srl\" \/>\n<meta property=\"og:site_name\" content=\"Socomec Srl\" \/>\n<meta property=\"article:modified_time\" content=\"2022-06-24T12:51:04+00:00\" \/>\n<meta property=\"og:image\" content=\"https:\/\/www.socomecsrl.com\/wp-content\/uploads\/2022\/05\/53.png\" \/>\n\t<meta property=\"og:image:width\" content=\"1600\" \/>\n\t<meta property=\"og:image:height\" content=\"1200\" \/>\n\t<meta property=\"og:image:type\" content=\"image\/png\" \/>\n<meta name=\"twitter:card\" content=\"summary_large_image\" \/>\n<script type=\"application\/ld+json\" class=\"yoast-schema-graph\">{\"@context\":\"https:\/\/schema.org\",\"@graph\":[{\"@type\":\"WebPage\",\"@id\":\"https:\/\/www.socomecsrl.com\/fr\/prodotto\/cp-28\/\",\"url\":\"https:\/\/www.socomecsrl.com\/fr\/prodotto\/cp-28\/\",\"name\":\"CP 28 - Socomec Srl\",\"isPartOf\":{\"@id\":\"https:\/\/www.socomecsrl.com\/fr\/#website\"},\"datePublished\":\"2022-05-06T14:11:50+00:00\",\"dateModified\":\"2022-06-24T12:51:04+00:00\",\"description\":\"CP 28 - Socomec Srl\",\"breadcrumb\":{\"@id\":\"https:\/\/www.socomecsrl.com\/fr\/prodotto\/cp-28\/#breadcrumb\"},\"inLanguage\":\"fr-FR\",\"potentialAction\":[{\"@type\":\"ReadAction\",\"target\":[\"https:\/\/www.socomecsrl.com\/fr\/prodotto\/cp-28\/\"]}]},{\"@type\":\"BreadcrumbList\",\"@id\":\"https:\/\/www.socomecsrl.com\/fr\/prodotto\/cp-28\/#breadcrumb\",\"itemListElement\":[{\"@type\":\"ListItem\",\"position\":1,\"name\":\"Home\",\"item\":\"https:\/\/www.socomecsrl.com\/fr\/\"},{\"@type\":\"ListItem\",\"position\":2,\"name\":\"Machines \u00e0 bois\",\"item\":\"https:\/\/www.socomecsrl.com\/negozio\/\"},{\"@type\":\"ListItem\",\"position\":3,\"name\":\"CP 28\"}]},{\"@type\":\"WebSite\",\"@id\":\"https:\/\/www.socomecsrl.com\/fr\/#website\",\"url\":\"https:\/\/www.socomecsrl.com\/fr\/\",\"name\":\"Socomec Srl\",\"description\":\"Socomec srl produzione di macchine per la lavorazione del legno:seghe nastro,levigatrici,seghe circolari, cavatrici,pialle,spessori,toupie etc\",\"publisher\":{\"@id\":\"https:\/\/www.socomecsrl.com\/fr\/#organization\"},\"potentialAction\":[{\"@type\":\"SearchAction\",\"target\":{\"@type\":\"EntryPoint\",\"urlTemplate\":\"https:\/\/www.socomecsrl.com\/fr\/?s={search_term_string}\"},\"query-input\":\"required name=search_term_string\"}],\"inLanguage\":\"fr-FR\"},{\"@type\":\"Organization\",\"@id\":\"https:\/\/www.socomecsrl.com\/fr\/#organization\",\"name\":\"Socomec Srl\",\"url\":\"https:\/\/www.socomecsrl.com\/fr\/\",\"sameAs\":[\"https:\/\/www.youtube.com\/c\/Socomecsrl-MacchinePerLegno\"],\"logo\":{\"@type\":\"ImageObject\",\"inLanguage\":\"fr-FR\",\"@id\":\"https:\/\/www.socomecsrl.com\/fr\/#\/schema\/logo\/image\/\",\"url\":\"https:\/\/www.socomecsrl.com\/wp-content\/uploads\/2022\/04\/logo-socomec-1-e1650969880710.png\",\"contentUrl\":\"https:\/\/www.socomecsrl.com\/wp-content\/uploads\/2022\/04\/logo-socomec-1-e1650969880710.png\",\"width\":1500,\"height\":600,\"caption\":\"Socomec Srl\"},\"image\":{\"@id\":\"https:\/\/www.socomecsrl.com\/fr\/#\/schema\/logo\/image\/\"}}]}<\/script>\n<!-- \/ Yoast SEO plugin. -->","yoast_head_json":{"title":"CP 28 - Socomec Srl","description":"CP 28 - Socomec Srl","robots":{"index":"index","follow":"follow","max-snippet":"max-snippet:-1","max-image-preview":"max-image-preview:large","max-video-preview":"max-video-preview:-1"},"canonical":"https:\/\/www.socomecsrl.com\/fr\/prodotto\/cp-28\/","og_locale":"fr_FR","og_type":"article","og_title":"CP 28 - Socomec Srl","og_description":"CP 28 - Socomec Srl","og_site_name":"Socomec Srl","article_modified_time":"2022-06-24T12:51:04+00:00","og_image":[{"width":1600,"height":1200,"url":"https:\/\/www.socomecsrl.com\/wp-content\/uploads\/2022\/05\/53.png","type":"image\/png"}],"twitter_card":"summary_large_image","schema":{"@context":"https:\/\/schema.org","@graph":[{"@type":"WebPage","@id":"https:\/\/www.socomecsrl.com\/fr\/prodotto\/cp-28\/","url":"https:\/\/www.socomecsrl.com\/fr\/prodotto\/cp-28\/","name":"CP 28 - Socomec Srl","isPartOf":{"@id":"https:\/\/www.socomecsrl.com\/fr\/#website"},"datePublished":"2022-05-06T14:11:50+00:00","dateModified":"2022-06-24T12:51:04+00:00","description":"CP 28 - Socomec Srl","breadcrumb":{"@id":"https:\/\/www.socomecsrl.com\/fr\/prodotto\/cp-28\/#breadcrumb"},"inLanguage":"fr-FR","potentialAction":[{"@type":"ReadAction","target":["https:\/\/www.socomecsrl.com\/fr\/prodotto\/cp-28\/"]}]},{"@type":"BreadcrumbList","@id":"https:\/\/www.socomecsrl.com\/fr\/prodotto\/cp-28\/#breadcrumb","itemListElement":[{"@type":"ListItem","position":1,"name":"Home","item":"https:\/\/www.socomecsrl.com\/fr\/"},{"@type":"ListItem","position":2,"name":"Machines \u00e0 bois","item":"https:\/\/www.socomecsrl.com\/negozio\/"},{"@type":"ListItem","position":3,"name":"CP 28"}]},{"@type":"WebSite","@id":"https:\/\/www.socomecsrl.com\/fr\/#website","url":"https:\/\/www.socomecsrl.com\/fr\/","name":"Socomec Srl","description":"Socomec srl produzione di macchine per la lavorazione del legno:seghe nastro,levigatrici,seghe circolari, cavatrici,pialle,spessori,toupie etc","publisher":{"@id":"https:\/\/www.socomecsrl.com\/fr\/#organization"},"potentialAction":[{"@type":"SearchAction","target":{"@type":"EntryPoint","urlTemplate":"https:\/\/www.socomecsrl.com\/fr\/?s={search_term_string}"},"query-input":"required name=search_term_string"}],"inLanguage":"fr-FR"},{"@type":"Organization","@id":"https:\/\/www.socomecsrl.com\/fr\/#organization","name":"Socomec Srl","url":"https:\/\/www.socomecsrl.com\/fr\/","sameAs":["https:\/\/www.youtube.com\/c\/Socomecsrl-MacchinePerLegno"],"logo":{"@type":"ImageObject","inLanguage":"fr-FR","@id":"https:\/\/www.socomecsrl.com\/fr\/#\/schema\/logo\/image\/","url":"https:\/\/www.socomecsrl.com\/wp-content\/uploads\/2022\/04\/logo-socomec-1-e1650969880710.png","contentUrl":"https:\/\/www.socomecsrl.com\/wp-content\/uploads\/2022\/04\/logo-socomec-1-e1650969880710.png","width":1500,"height":600,"caption":"Socomec Srl"},"image":{"@id":"https:\/\/www.socomecsrl.com\/fr\/#\/schema\/logo\/image\/"}}]}},"_links":{"self":[{"href":"https:\/\/www.socomecsrl.com\/fr\/wp-json\/wp\/v2\/product\/3149","targetHints":{"allow":["GET"]}}],"collection":[{"href":"https:\/\/www.socomecsrl.com\/fr\/wp-json\/wp\/v2\/product"}],"about":[{"href":"https:\/\/www.socomecsrl.com\/fr\/wp-json\/wp\/v2\/types\/product"}],"wp:featuredmedia":[{"embeddable":true,"href":"https:\/\/www.socomecsrl.com\/fr\/wp-json\/wp\/v2\/media\/1587"}],"wp:attachment":[{"href":"https:\/\/www.socomecsrl.com\/fr\/wp-json\/wp\/v2\/media?parent=3149"}],"wp:term":[{"taxonomy":"product_cat","embeddable":true,"href":"https:\/\/www.socomecsrl.com\/fr\/wp-json\/wp\/v2\/product_cat?post=3149"},{"taxonomy":"product_tag","embeddable":true,"href":"https:\/\/www.socomecsrl.com\/fr\/wp-json\/wp\/v2\/product_tag?post=3149"}],"curies":[{"name":"wp","href":"https:\/\/api.w.org\/{rel}","templated":true}]}}