{"id":3212,"date":"2022-05-09T10:12:19","date_gmt":"2022-05-09T10:12:19","guid":{"rendered":"https:\/\/www.socomecsrl.com\/prodotto\/saldatrici-a-testa-cesoia-vc3-vc4-vc6\/"},"modified":"2022-06-28T12:59:41","modified_gmt":"2022-06-28T12:59:41","slug":"saldatrici-a-testa-cesoia-vc3-vc4-vc6","status":"publish","type":"product","link":"https:\/\/www.socomecsrl.com\/fr\/prodotto\/saldatrici-a-testa-cesoia-vc3-vc4-vc6\/","title":{"rendered":"SOUDEUSES ELECTRIQUES POUR SCIES A RUBAN VC3 \u2013 VC4 \u2013 VC6"},"content":{"rendered":"","protected":false},"excerpt":{"rendered":"<p>Soudeuses \u00e0 t\u00eate de cisaillement VC3 &#8211; VC4 &#8211; VC6 id\u00e9ales pour le travail professionnel du bois.<\/p>\n","protected":false},"featured_media":1764,"template":"","meta":{"_et_pb_use_builder":"","_et_pb_old_content":"","_et_gb_content_width":""},"product_cat":[165,178,51],"product_tag":[],"class_list":["post-3212","product","type-product","status-publish","has-post-thumbnail","hentry","product_cat-bandsaw-shearing-welding-machine","product_cat-soudeuses-electriques-pour-scies-a-ruban","product_cat-saldatrici-a-testa-cesoia"],"acf":[],"yoast_head":"<!-- This site is optimized with the Yoast SEO plugin v19.8 - https:\/\/yoast.com\/wordpress\/plugins\/seo\/ -->\n<title>SOUDEUSES ELECTRIQUES POUR SCIES A RUBAN VC3 \u2013 VC4 \u2013 VC6 - Socomec Srl<\/title>\n<meta name=\"description\" content=\"SOUDEUSES ELECTRIQUES POUR SCIES A RUBAN VC3 \u2013 VC4 \u2013 VC6 - Socomec Srl\" \/>\n<meta name=\"robots\" content=\"index, follow, max-snippet:-1, max-image-preview:large, max-video-preview:-1\" \/>\n<link rel=\"canonical\" href=\"https:\/\/www.socomecsrl.com\/fr\/prodotto\/saldatrici-a-testa-cesoia-vc3-vc4-vc6\/\" \/>\n<meta property=\"og:locale\" content=\"fr_FR\" \/>\n<meta property=\"og:type\" content=\"article\" \/>\n<meta property=\"og:title\" content=\"SOUDEUSES ELECTRIQUES POUR SCIES A RUBAN VC3 \u2013 VC4 \u2013 VC6 - Socomec Srl\" \/>\n<meta property=\"og:description\" content=\"SOUDEUSES ELECTRIQUES POUR SCIES A RUBAN VC3 \u2013 VC4 \u2013 VC6 - Socomec Srl\" \/>\n<meta property=\"og:site_name\" content=\"Socomec Srl\" \/>\n<meta property=\"article:modified_time\" content=\"2022-06-28T12:59:41+00:00\" \/>\n<meta property=\"og:image\" content=\"https:\/\/www.socomecsrl.com\/wp-content\/uploads\/2022\/05\/VC.png\" \/>\n\t<meta property=\"og:image:width\" content=\"1600\" \/>\n\t<meta property=\"og:image:height\" content=\"1200\" \/>\n\t<meta property=\"og:image:type\" content=\"image\/png\" \/>\n<meta name=\"twitter:card\" content=\"summary_large_image\" \/>\n<script type=\"application\/ld+json\" class=\"yoast-schema-graph\">{\"@context\":\"https:\/\/schema.org\",\"@graph\":[{\"@type\":\"WebPage\",\"@id\":\"https:\/\/www.socomecsrl.com\/fr\/prodotto\/saldatrici-a-testa-cesoia-vc3-vc4-vc6\/\",\"url\":\"https:\/\/www.socomecsrl.com\/fr\/prodotto\/saldatrici-a-testa-cesoia-vc3-vc4-vc6\/\",\"name\":\"SOUDEUSES ELECTRIQUES POUR SCIES A RUBAN VC3 \u2013 VC4 \u2013 VC6 - Socomec Srl\",\"isPartOf\":{\"@id\":\"https:\/\/www.socomecsrl.com\/fr\/#website\"},\"datePublished\":\"2022-05-09T10:12:19+00:00\",\"dateModified\":\"2022-06-28T12:59:41+00:00\",\"description\":\"SOUDEUSES ELECTRIQUES POUR SCIES A RUBAN VC3 \u2013 VC4 \u2013 VC6 - Socomec Srl\",\"breadcrumb\":{\"@id\":\"https:\/\/www.socomecsrl.com\/fr\/prodotto\/saldatrici-a-testa-cesoia-vc3-vc4-vc6\/#breadcrumb\"},\"inLanguage\":\"fr-FR\",\"potentialAction\":[{\"@type\":\"ReadAction\",\"target\":[\"https:\/\/www.socomecsrl.com\/fr\/prodotto\/saldatrici-a-testa-cesoia-vc3-vc4-vc6\/\"]}]},{\"@type\":\"BreadcrumbList\",\"@id\":\"https:\/\/www.socomecsrl.com\/fr\/prodotto\/saldatrici-a-testa-cesoia-vc3-vc4-vc6\/#breadcrumb\",\"itemListElement\":[{\"@type\":\"ListItem\",\"position\":1,\"name\":\"Home\",\"item\":\"https:\/\/www.socomecsrl.com\/fr\/\"},{\"@type\":\"ListItem\",\"position\":2,\"name\":\"Machines \u00e0 bois\",\"item\":\"https:\/\/www.socomecsrl.com\/negozio\/\"},{\"@type\":\"ListItem\",\"position\":3,\"name\":\"SOUDEUSES ELECTRIQUES POUR SCIES A RUBAN VC3 \u2013 VC4 \u2013 VC6\"}]},{\"@type\":\"WebSite\",\"@id\":\"https:\/\/www.socomecsrl.com\/fr\/#website\",\"url\":\"https:\/\/www.socomecsrl.com\/fr\/\",\"name\":\"Socomec Srl\",\"description\":\"Socomec srl produzione di macchine per la lavorazione del legno:seghe nastro,levigatrici,seghe circolari, cavatrici,pialle,spessori,toupie etc\",\"publisher\":{\"@id\":\"https:\/\/www.socomecsrl.com\/fr\/#organization\"},\"potentialAction\":[{\"@type\":\"SearchAction\",\"target\":{\"@type\":\"EntryPoint\",\"urlTemplate\":\"https:\/\/www.socomecsrl.com\/fr\/?s={search_term_string}\"},\"query-input\":\"required name=search_term_string\"}],\"inLanguage\":\"fr-FR\"},{\"@type\":\"Organization\",\"@id\":\"https:\/\/www.socomecsrl.com\/fr\/#organization\",\"name\":\"Socomec Srl\",\"url\":\"https:\/\/www.socomecsrl.com\/fr\/\",\"sameAs\":[\"https:\/\/www.youtube.com\/c\/Socomecsrl-MacchinePerLegno\"],\"logo\":{\"@type\":\"ImageObject\",\"inLanguage\":\"fr-FR\",\"@id\":\"https:\/\/www.socomecsrl.com\/fr\/#\/schema\/logo\/image\/\",\"url\":\"https:\/\/www.socomecsrl.com\/wp-content\/uploads\/2022\/04\/logo-socomec-1-e1650969880710.png\",\"contentUrl\":\"https:\/\/www.socomecsrl.com\/wp-content\/uploads\/2022\/04\/logo-socomec-1-e1650969880710.png\",\"width\":1500,\"height\":600,\"caption\":\"Socomec Srl\"},\"image\":{\"@id\":\"https:\/\/www.socomecsrl.com\/fr\/#\/schema\/logo\/image\/\"}}]}<\/script>\n<!-- \/ Yoast SEO plugin. -->","yoast_head_json":{"title":"SOUDEUSES ELECTRIQUES POUR SCIES A RUBAN VC3 \u2013 VC4 \u2013 VC6 - Socomec Srl","description":"SOUDEUSES ELECTRIQUES POUR SCIES A RUBAN VC3 \u2013 VC4 \u2013 VC6 - Socomec Srl","robots":{"index":"index","follow":"follow","max-snippet":"max-snippet:-1","max-image-preview":"max-image-preview:large","max-video-preview":"max-video-preview:-1"},"canonical":"https:\/\/www.socomecsrl.com\/fr\/prodotto\/saldatrici-a-testa-cesoia-vc3-vc4-vc6\/","og_locale":"fr_FR","og_type":"article","og_title":"SOUDEUSES ELECTRIQUES POUR SCIES A RUBAN VC3 \u2013 VC4 \u2013 VC6 - Socomec Srl","og_description":"SOUDEUSES ELECTRIQUES POUR SCIES A RUBAN VC3 \u2013 VC4 \u2013 VC6 - Socomec Srl","og_site_name":"Socomec Srl","article_modified_time":"2022-06-28T12:59:41+00:00","og_image":[{"width":1600,"height":1200,"url":"https:\/\/www.socomecsrl.com\/wp-content\/uploads\/2022\/05\/VC.png","type":"image\/png"}],"twitter_card":"summary_large_image","schema":{"@context":"https:\/\/schema.org","@graph":[{"@type":"WebPage","@id":"https:\/\/www.socomecsrl.com\/fr\/prodotto\/saldatrici-a-testa-cesoia-vc3-vc4-vc6\/","url":"https:\/\/www.socomecsrl.com\/fr\/prodotto\/saldatrici-a-testa-cesoia-vc3-vc4-vc6\/","name":"SOUDEUSES ELECTRIQUES POUR SCIES A RUBAN VC3 \u2013 VC4 \u2013 VC6 - Socomec Srl","isPartOf":{"@id":"https:\/\/www.socomecsrl.com\/fr\/#website"},"datePublished":"2022-05-09T10:12:19+00:00","dateModified":"2022-06-28T12:59:41+00:00","description":"SOUDEUSES ELECTRIQUES POUR SCIES A RUBAN VC3 \u2013 VC4 \u2013 VC6 - Socomec Srl","breadcrumb":{"@id":"https:\/\/www.socomecsrl.com\/fr\/prodotto\/saldatrici-a-testa-cesoia-vc3-vc4-vc6\/#breadcrumb"},"inLanguage":"fr-FR","potentialAction":[{"@type":"ReadAction","target":["https:\/\/www.socomecsrl.com\/fr\/prodotto\/saldatrici-a-testa-cesoia-vc3-vc4-vc6\/"]}]},{"@type":"BreadcrumbList","@id":"https:\/\/www.socomecsrl.com\/fr\/prodotto\/saldatrici-a-testa-cesoia-vc3-vc4-vc6\/#breadcrumb","itemListElement":[{"@type":"ListItem","position":1,"name":"Home","item":"https:\/\/www.socomecsrl.com\/fr\/"},{"@type":"ListItem","position":2,"name":"Machines \u00e0 bois","item":"https:\/\/www.socomecsrl.com\/negozio\/"},{"@type":"ListItem","position":3,"name":"SOUDEUSES ELECTRIQUES POUR SCIES A RUBAN VC3 \u2013 VC4 \u2013 VC6"}]},{"@type":"WebSite","@id":"https:\/\/www.socomecsrl.com\/fr\/#website","url":"https:\/\/www.socomecsrl.com\/fr\/","name":"Socomec Srl","description":"Socomec srl produzione di macchine per la lavorazione del legno:seghe nastro,levigatrici,seghe circolari, cavatrici,pialle,spessori,toupie etc","publisher":{"@id":"https:\/\/www.socomecsrl.com\/fr\/#organization"},"potentialAction":[{"@type":"SearchAction","target":{"@type":"EntryPoint","urlTemplate":"https:\/\/www.socomecsrl.com\/fr\/?s={search_term_string}"},"query-input":"required name=search_term_string"}],"inLanguage":"fr-FR"},{"@type":"Organization","@id":"https:\/\/www.socomecsrl.com\/fr\/#organization","name":"Socomec Srl","url":"https:\/\/www.socomecsrl.com\/fr\/","sameAs":["https:\/\/www.youtube.com\/c\/Socomecsrl-MacchinePerLegno"],"logo":{"@type":"ImageObject","inLanguage":"fr-FR","@id":"https:\/\/www.socomecsrl.com\/fr\/#\/schema\/logo\/image\/","url":"https:\/\/www.socomecsrl.com\/wp-content\/uploads\/2022\/04\/logo-socomec-1-e1650969880710.png","contentUrl":"https:\/\/www.socomecsrl.com\/wp-content\/uploads\/2022\/04\/logo-socomec-1-e1650969880710.png","width":1500,"height":600,"caption":"Socomec Srl"},"image":{"@id":"https:\/\/www.socomecsrl.com\/fr\/#\/schema\/logo\/image\/"}}]}},"_links":{"self":[{"href":"https:\/\/www.socomecsrl.com\/fr\/wp-json\/wp\/v2\/product\/3212","targetHints":{"allow":["GET"]}}],"collection":[{"href":"https:\/\/www.socomecsrl.com\/fr\/wp-json\/wp\/v2\/product"}],"about":[{"href":"https:\/\/www.socomecsrl.com\/fr\/wp-json\/wp\/v2\/types\/product"}],"wp:featuredmedia":[{"embeddable":true,"href":"https:\/\/www.socomecsrl.com\/fr\/wp-json\/wp\/v2\/media\/1764"}],"wp:attachment":[{"href":"https:\/\/www.socomecsrl.com\/fr\/wp-json\/wp\/v2\/media?parent=3212"}],"wp:term":[{"taxonomy":"product_cat","embeddable":true,"href":"https:\/\/www.socomecsrl.com\/fr\/wp-json\/wp\/v2\/product_cat?post=3212"},{"taxonomy":"product_tag","embeddable":true,"href":"https:\/\/www.socomecsrl.com\/fr\/wp-json\/wp\/v2\/product_tag?post=3212"}],"curies":[{"name":"wp","href":"https:\/\/api.w.org\/{rel}","templated":true}]}}