{"id":3241,"date":"2022-05-09T09:01:17","date_gmt":"2022-05-09T09:01:17","guid":{"rendered":"https:\/\/www.socomecsrl.com\/prodotto\/carrello-per-tenonare-ct-90-ct-110-ct-130\/"},"modified":"2022-06-24T12:48:58","modified_gmt":"2022-06-24T12:48:58","slug":"carrello-per-tenonare-ct-90-ct-110-ct-130","status":"publish","type":"product","link":"https:\/\/www.socomecsrl.com\/fr\/prodotto\/carrello-per-tenonare-ct-90-ct-110-ct-130\/","title":{"rendered":"CHARIOT \u00c0 TENONNER CT 90_CT 110_CT 130"},"content":{"rendered":"<p>Cet appareil tr\u00e8s robuste peut \u00eatre appliqu\u00e9 \u00e0 n\u2019importe quelle toupee et sert \u00e0 batter des tenons pour menuiseries et meubles. Le coulissement du chariot a lieu avec des roulements \u00e0 billes; le blocage rapide du bois est possible parmi un levier. Un r\u00e8gle coulissant tr\u00e8s pratique pour la mise \u00e0 point de l\u2019usinage en s\u00e9rie est livr\u00e9 avec l\u2019appareil et le support de l\u2019\u00e9querre est pivotante.<\/p>\n<p><span style=\"color: #ff0000;\"><a style=\"color: #ff0000; font-size: 25px;\" href=\"https:\/\/www.socomecsrl.com\/wp-content\/uploads\/2022\/05\/CT-90_CT-110_CT-130.pdf\">T\u00e9l\u00e9charger le PDF<\/a><\/span><\/p>\n","protected":false},"excerpt":{"rendered":"<p>Chariot \u00e0 tenonner, un outil id\u00e9al dans le travail du bois industriel.<\/p>\n","protected":false},"featured_media":1699,"template":"","meta":{"_et_pb_use_builder":"","_et_pb_old_content":"","_et_gb_content_width":""},"product_cat":[160,164,174,176,47,46],"product_tag":[],"class_list":["post-3241","product","type-product","status-publish","has-post-thumbnail","hentry","product_cat-other-products","product_cat-tenoning-device","product_cat-autres-produits","product_cat-chariot-a-tenonner","product_cat-carrello-per-tenonare","product_cat-altri-prodotti"],"acf":[],"yoast_head":"<!-- This site is optimized with the Yoast SEO plugin v19.8 - https:\/\/yoast.com\/wordpress\/plugins\/seo\/ -->\n<title>CHARIOT \u00c0 TENONNER CT 90_CT 110_CT 130 - Socomec Srl<\/title>\n<meta name=\"description\" content=\"CHARIOT \u00c0 TENONNER CT 90_CT 110_CT 130 - Socomec Srl\" \/>\n<meta name=\"robots\" content=\"index, follow, max-snippet:-1, max-image-preview:large, max-video-preview:-1\" \/>\n<link rel=\"canonical\" href=\"https:\/\/www.socomecsrl.com\/fr\/prodotto\/carrello-per-tenonare-ct-90-ct-110-ct-130\/\" \/>\n<meta property=\"og:locale\" content=\"fr_FR\" \/>\n<meta property=\"og:type\" content=\"article\" \/>\n<meta property=\"og:title\" content=\"CHARIOT \u00c0 TENONNER CT 90_CT 110_CT 130 - Socomec Srl\" \/>\n<meta property=\"og:description\" content=\"CHARIOT \u00c0 TENONNER CT 90_CT 110_CT 130 - Socomec Srl\" \/>\n<meta property=\"og:site_name\" content=\"Socomec Srl\" \/>\n<meta property=\"article:modified_time\" content=\"2022-06-24T12:48:58+00:00\" \/>\n<meta property=\"og:image\" content=\"https:\/\/www.socomecsrl.com\/wp-content\/uploads\/2022\/05\/71.png\" \/>\n\t<meta property=\"og:image:width\" content=\"1600\" \/>\n\t<meta property=\"og:image:height\" content=\"1200\" \/>\n\t<meta property=\"og:image:type\" content=\"image\/png\" \/>\n<meta name=\"twitter:card\" content=\"summary_large_image\" \/>\n<script type=\"application\/ld+json\" class=\"yoast-schema-graph\">{\"@context\":\"https:\/\/schema.org\",\"@graph\":[{\"@type\":\"WebPage\",\"@id\":\"https:\/\/www.socomecsrl.com\/fr\/prodotto\/carrello-per-tenonare-ct-90-ct-110-ct-130\/\",\"url\":\"https:\/\/www.socomecsrl.com\/fr\/prodotto\/carrello-per-tenonare-ct-90-ct-110-ct-130\/\",\"name\":\"CHARIOT \u00c0 TENONNER CT 90_CT 110_CT 130 - Socomec Srl\",\"isPartOf\":{\"@id\":\"https:\/\/www.socomecsrl.com\/fr\/#website\"},\"datePublished\":\"2022-05-09T09:01:17+00:00\",\"dateModified\":\"2022-06-24T12:48:58+00:00\",\"description\":\"CHARIOT \u00c0 TENONNER CT 90_CT 110_CT 130 - Socomec Srl\",\"breadcrumb\":{\"@id\":\"https:\/\/www.socomecsrl.com\/fr\/prodotto\/carrello-per-tenonare-ct-90-ct-110-ct-130\/#breadcrumb\"},\"inLanguage\":\"fr-FR\",\"potentialAction\":[{\"@type\":\"ReadAction\",\"target\":[\"https:\/\/www.socomecsrl.com\/fr\/prodotto\/carrello-per-tenonare-ct-90-ct-110-ct-130\/\"]}]},{\"@type\":\"BreadcrumbList\",\"@id\":\"https:\/\/www.socomecsrl.com\/fr\/prodotto\/carrello-per-tenonare-ct-90-ct-110-ct-130\/#breadcrumb\",\"itemListElement\":[{\"@type\":\"ListItem\",\"position\":1,\"name\":\"Home\",\"item\":\"https:\/\/www.socomecsrl.com\/fr\/\"},{\"@type\":\"ListItem\",\"position\":2,\"name\":\"Machines \u00e0 bois\",\"item\":\"https:\/\/www.socomecsrl.com\/negozio\/\"},{\"@type\":\"ListItem\",\"position\":3,\"name\":\"CHARIOT \u00c0 TENONNER CT 90_CT 110_CT 130\"}]},{\"@type\":\"WebSite\",\"@id\":\"https:\/\/www.socomecsrl.com\/fr\/#website\",\"url\":\"https:\/\/www.socomecsrl.com\/fr\/\",\"name\":\"Socomec Srl\",\"description\":\"Socomec srl produzione di macchine per la lavorazione del legno:seghe nastro,levigatrici,seghe circolari, cavatrici,pialle,spessori,toupie etc\",\"publisher\":{\"@id\":\"https:\/\/www.socomecsrl.com\/fr\/#organization\"},\"potentialAction\":[{\"@type\":\"SearchAction\",\"target\":{\"@type\":\"EntryPoint\",\"urlTemplate\":\"https:\/\/www.socomecsrl.com\/fr\/?s={search_term_string}\"},\"query-input\":\"required name=search_term_string\"}],\"inLanguage\":\"fr-FR\"},{\"@type\":\"Organization\",\"@id\":\"https:\/\/www.socomecsrl.com\/fr\/#organization\",\"name\":\"Socomec Srl\",\"url\":\"https:\/\/www.socomecsrl.com\/fr\/\",\"sameAs\":[\"https:\/\/www.youtube.com\/c\/Socomecsrl-MacchinePerLegno\"],\"logo\":{\"@type\":\"ImageObject\",\"inLanguage\":\"fr-FR\",\"@id\":\"https:\/\/www.socomecsrl.com\/fr\/#\/schema\/logo\/image\/\",\"url\":\"https:\/\/www.socomecsrl.com\/wp-content\/uploads\/2022\/04\/logo-socomec-1-e1650969880710.png\",\"contentUrl\":\"https:\/\/www.socomecsrl.com\/wp-content\/uploads\/2022\/04\/logo-socomec-1-e1650969880710.png\",\"width\":1500,\"height\":600,\"caption\":\"Socomec Srl\"},\"image\":{\"@id\":\"https:\/\/www.socomecsrl.com\/fr\/#\/schema\/logo\/image\/\"}}]}<\/script>\n<!-- \/ Yoast SEO plugin. -->","yoast_head_json":{"title":"CHARIOT \u00c0 TENONNER CT 90_CT 110_CT 130 - Socomec Srl","description":"CHARIOT \u00c0 TENONNER CT 90_CT 110_CT 130 - Socomec Srl","robots":{"index":"index","follow":"follow","max-snippet":"max-snippet:-1","max-image-preview":"max-image-preview:large","max-video-preview":"max-video-preview:-1"},"canonical":"https:\/\/www.socomecsrl.com\/fr\/prodotto\/carrello-per-tenonare-ct-90-ct-110-ct-130\/","og_locale":"fr_FR","og_type":"article","og_title":"CHARIOT \u00c0 TENONNER CT 90_CT 110_CT 130 - Socomec Srl","og_description":"CHARIOT \u00c0 TENONNER CT 90_CT 110_CT 130 - Socomec Srl","og_site_name":"Socomec Srl","article_modified_time":"2022-06-24T12:48:58+00:00","og_image":[{"width":1600,"height":1200,"url":"https:\/\/www.socomecsrl.com\/wp-content\/uploads\/2022\/05\/71.png","type":"image\/png"}],"twitter_card":"summary_large_image","schema":{"@context":"https:\/\/schema.org","@graph":[{"@type":"WebPage","@id":"https:\/\/www.socomecsrl.com\/fr\/prodotto\/carrello-per-tenonare-ct-90-ct-110-ct-130\/","url":"https:\/\/www.socomecsrl.com\/fr\/prodotto\/carrello-per-tenonare-ct-90-ct-110-ct-130\/","name":"CHARIOT \u00c0 TENONNER CT 90_CT 110_CT 130 - Socomec Srl","isPartOf":{"@id":"https:\/\/www.socomecsrl.com\/fr\/#website"},"datePublished":"2022-05-09T09:01:17+00:00","dateModified":"2022-06-24T12:48:58+00:00","description":"CHARIOT \u00c0 TENONNER CT 90_CT 110_CT 130 - Socomec Srl","breadcrumb":{"@id":"https:\/\/www.socomecsrl.com\/fr\/prodotto\/carrello-per-tenonare-ct-90-ct-110-ct-130\/#breadcrumb"},"inLanguage":"fr-FR","potentialAction":[{"@type":"ReadAction","target":["https:\/\/www.socomecsrl.com\/fr\/prodotto\/carrello-per-tenonare-ct-90-ct-110-ct-130\/"]}]},{"@type":"BreadcrumbList","@id":"https:\/\/www.socomecsrl.com\/fr\/prodotto\/carrello-per-tenonare-ct-90-ct-110-ct-130\/#breadcrumb","itemListElement":[{"@type":"ListItem","position":1,"name":"Home","item":"https:\/\/www.socomecsrl.com\/fr\/"},{"@type":"ListItem","position":2,"name":"Machines \u00e0 bois","item":"https:\/\/www.socomecsrl.com\/negozio\/"},{"@type":"ListItem","position":3,"name":"CHARIOT \u00c0 TENONNER CT 90_CT 110_CT 130"}]},{"@type":"WebSite","@id":"https:\/\/www.socomecsrl.com\/fr\/#website","url":"https:\/\/www.socomecsrl.com\/fr\/","name":"Socomec Srl","description":"Socomec srl produzione di macchine per la lavorazione del legno:seghe nastro,levigatrici,seghe circolari, cavatrici,pialle,spessori,toupie etc","publisher":{"@id":"https:\/\/www.socomecsrl.com\/fr\/#organization"},"potentialAction":[{"@type":"SearchAction","target":{"@type":"EntryPoint","urlTemplate":"https:\/\/www.socomecsrl.com\/fr\/?s={search_term_string}"},"query-input":"required name=search_term_string"}],"inLanguage":"fr-FR"},{"@type":"Organization","@id":"https:\/\/www.socomecsrl.com\/fr\/#organization","name":"Socomec Srl","url":"https:\/\/www.socomecsrl.com\/fr\/","sameAs":["https:\/\/www.youtube.com\/c\/Socomecsrl-MacchinePerLegno"],"logo":{"@type":"ImageObject","inLanguage":"fr-FR","@id":"https:\/\/www.socomecsrl.com\/fr\/#\/schema\/logo\/image\/","url":"https:\/\/www.socomecsrl.com\/wp-content\/uploads\/2022\/04\/logo-socomec-1-e1650969880710.png","contentUrl":"https:\/\/www.socomecsrl.com\/wp-content\/uploads\/2022\/04\/logo-socomec-1-e1650969880710.png","width":1500,"height":600,"caption":"Socomec Srl"},"image":{"@id":"https:\/\/www.socomecsrl.com\/fr\/#\/schema\/logo\/image\/"}}]}},"_links":{"self":[{"href":"https:\/\/www.socomecsrl.com\/fr\/wp-json\/wp\/v2\/product\/3241","targetHints":{"allow":["GET"]}}],"collection":[{"href":"https:\/\/www.socomecsrl.com\/fr\/wp-json\/wp\/v2\/product"}],"about":[{"href":"https:\/\/www.socomecsrl.com\/fr\/wp-json\/wp\/v2\/types\/product"}],"wp:featuredmedia":[{"embeddable":true,"href":"https:\/\/www.socomecsrl.com\/fr\/wp-json\/wp\/v2\/media\/1699"}],"wp:attachment":[{"href":"https:\/\/www.socomecsrl.com\/fr\/wp-json\/wp\/v2\/media?parent=3241"}],"wp:term":[{"taxonomy":"product_cat","embeddable":true,"href":"https:\/\/www.socomecsrl.com\/fr\/wp-json\/wp\/v2\/product_cat?post=3241"},{"taxonomy":"product_tag","embeddable":true,"href":"https:\/\/www.socomecsrl.com\/fr\/wp-json\/wp\/v2\/product_tag?post=3241"}],"curies":[{"name":"wp","href":"https:\/\/api.w.org\/{rel}","templated":true}]}}